{"id":406,"date":"2016-03-31T13:59:38","date_gmt":"2016-03-31T13:59:38","guid":{"rendered":"http:\/\/airos.lv\/mes-piedavajam\/"},"modified":"2019-07-02T09:17:05","modified_gmt":"2019-07-02T09:17:05","slug":"dienstleistungen","status":"publish","type":"page","link":"https:\/\/www.airos.lv\/de\/dienstleistungen\/","title":{"rendered":"DIENSTLEISTUNGEN"},"content":{"rendered":"\n<style type=\"text\/css\" data-created_by=\"avia_inline_auto\" id=\"style-css-av-f0pe5-898250211ee18e523035340f2974021c\">\n.avia-section.av-f0pe5-898250211ee18e523035340f2974021c{\nbackground-color:#ffffff;\nbackground-image:unset;\n}\n<\/style>\n<div id='av_section_1'  class='avia-section av-f0pe5-898250211ee18e523035340f2974021c main_color avia-section-default avia-no-border-styling  avia-builder-el-0  avia-builder-el-no-sibling  avia-bg-style-scroll av-minimum-height av-minimum-height-100 av-height-100  container_wrap fullsize'   data-av_minimum_height_pc='100' data-av_min_height_opt='100'><div class='container av-section-cont-open' ><main  role=\"main\" itemprop=\"mainContentOfPage\"  class='template-page content  av-content-full alpha units'><div class='post-entry post-entry-type-page post-entry-406'><div class='entry-content-wrapper clearfix'>\n<section  class='av_textblock_section av-jwro1z3h-b19f6cbf124ccc0dd0ecb976cacc94ec '   itemscope=\"itemscope\" itemtype=\"https:\/\/schema.org\/CreativeWork\" ><div class='avia_textblock'  itemprop=\"text\" ><h1>Dienstleistungen<\/h1>\n<p><strong>Das Hauptt\u00e4tigkeitsfeld von AIROS sind G\u00fcterbef\u00f6rderungsdienstleistungen und Logistikdienstleistungen. Unabh\u00e4ngig davon, welche Ladung an den Kunden geliefert werden soll, sorgen wir daf\u00fcr, dass sie schnell und reibungslos ihr Ziel erreicht.<\/strong><\/p>\n<p>Die AIROS-G\u00fcterverkehrsdienstleistungen bieten regelm\u00e4\u00dfige internationale Sammel- und Komplettlieferungen sowie spezielle G\u00fcterbef\u00f6rderungsdienstleistungen an. Sie umfassen:<\/p>\n<ul>\n<li>Express-Ladungsbef\u00f6rderungen,<\/li>\n<li>Bef\u00f6rderung gef\u00e4hrlicher G\u00fcter,<\/li>\n<li>Bef\u00f6rderung gek\u00fchlter oder gefrorener G\u00fcter,<\/li>\n<li>Bef\u00f6rderung \u00fcbergro\u00dfer G\u00fcter.<\/li>\n<\/ul>\n<p>Um sicherzustellen, dass alle vom Kunden ausgew\u00e4hlten G\u00fcterbef\u00f6rderungsdienstleistungen von h\u00f6chster Qualit\u00e4t sind, verf\u00fcgt jeder Kunde \u00fcber einen pers\u00f6nlichen Manager, der bei unklaren Fragen helfen, das Be- und Entladen jederzeit organisieren, die Dokumentation vorbereiten und jede Situation l\u00f6sen kann.<\/p>\n<\/div><\/section>\n\n\n","protected":false},"excerpt":{"rendered":"","protected":false},"author":2,"featured_media":0,"parent":0,"menu_order":0,"comment_status":"closed","ping_status":"closed","template":"","meta":{"_acf_changed":false,"footnotes":""},"class_list":["post-406","page","type-page","status-publish","hentry"],"acf":[],"yoast_head":"<!-- This site is optimized with the Yoast SEO plugin v25.8 - https:\/\/yoast.com\/wordpress\/plugins\/seo\/ -->\n<title>Kravu transporta pakalpojumi | AIROS<\/title>\n<meta name=\"robots\" content=\"index, follow, max-snippet:-1, max-image-preview:large, max-video-preview:-1\" \/>\n<link rel=\"canonical\" href=\"https:\/\/www.airos.lv\/de\/dienstleistungen\/\" \/>\n<meta property=\"og:locale\" content=\"de_DE\" \/>\n<meta property=\"og:type\" content=\"article\" \/>\n<meta property=\"og:title\" content=\"Kravu transporta pakalpojumi | AIROS\" \/>\n<meta property=\"og:url\" content=\"https:\/\/www.airos.lv\/de\/dienstleistungen\/\" \/>\n<meta property=\"og:site_name\" content=\"Airos lo\u0123istika\" \/>\n<meta property=\"article:modified_time\" content=\"2019-07-02T09:17:05+00:00\" \/>\n<meta name=\"twitter:card\" content=\"summary_large_image\" \/>\n<meta name=\"twitter:label1\" content=\"Gesch\u00e4tzte Lesezeit\" \/>\n\t<meta name=\"twitter:data1\" content=\"1\u00a0Minute\" \/>\n<script type=\"application\/ld+json\" class=\"yoast-schema-graph\">{\"@context\":\"https:\/\/schema.org\",\"@graph\":[{\"@type\":\"WebPage\",\"@id\":\"https:\/\/www.airos.lv\/de\/dienstleistungen\/\",\"url\":\"https:\/\/www.airos.lv\/de\/dienstleistungen\/\",\"name\":\"Kravu transporta pakalpojumi | AIROS\",\"isPartOf\":{\"@id\":\"https:\/\/www.airos.lv\/#website\"},\"datePublished\":\"2016-03-31T13:59:38+00:00\",\"dateModified\":\"2019-07-02T09:17:05+00:00\",\"breadcrumb\":{\"@id\":\"https:\/\/www.airos.lv\/de\/dienstleistungen\/#breadcrumb\"},\"inLanguage\":\"de\",\"potentialAction\":[{\"@type\":\"ReadAction\",\"target\":[\"https:\/\/www.airos.lv\/de\/dienstleistungen\/\"]}]},{\"@type\":\"BreadcrumbList\",\"@id\":\"https:\/\/www.airos.lv\/de\/dienstleistungen\/#breadcrumb\",\"itemListElement\":[{\"@type\":\"ListItem\",\"position\":1,\"name\":\"Home\",\"item\":\"https:\/\/www.airos.lv\/de\/sakums\/\"},{\"@type\":\"ListItem\",\"position\":2,\"name\":\"DIENSTLEISTUNGEN\"}]},{\"@type\":\"WebSite\",\"@id\":\"https:\/\/www.airos.lv\/#website\",\"url\":\"https:\/\/www.airos.lv\/\",\"name\":\"Airos lo\u0123istika\",\"description\":\"\",\"publisher\":{\"@id\":\"https:\/\/www.airos.lv\/#organization\"},\"potentialAction\":[{\"@type\":\"SearchAction\",\"target\":{\"@type\":\"EntryPoint\",\"urlTemplate\":\"https:\/\/www.airos.lv\/?s={search_term_string}\"},\"query-input\":{\"@type\":\"PropertyValueSpecification\",\"valueRequired\":true,\"valueName\":\"search_term_string\"}}],\"inLanguage\":\"de\"},{\"@type\":\"Organization\",\"@id\":\"https:\/\/www.airos.lv\/#organization\",\"name\":\"Airos.lv\",\"url\":\"https:\/\/www.airos.lv\/\",\"logo\":{\"@type\":\"ImageObject\",\"inLanguage\":\"de\",\"@id\":\"https:\/\/www.airos.lv\/#\/schema\/logo\/image\/\",\"url\":\"https:\/\/www.airos.lv\/wp-content\/uploads\/2016\/04\/logo-gray.png\",\"contentUrl\":\"https:\/\/www.airos.lv\/wp-content\/uploads\/2016\/04\/logo-gray.png\",\"width\":300,\"height\":132,\"caption\":\"Airos.lv\"},\"image\":{\"@id\":\"https:\/\/www.airos.lv\/#\/schema\/logo\/image\/\"}}]}<\/script>\n<!-- \/ Yoast SEO plugin. -->","yoast_head_json":{"title":"Kravu transporta pakalpojumi | AIROS","robots":{"index":"index","follow":"follow","max-snippet":"max-snippet:-1","max-image-preview":"max-image-preview:large","max-video-preview":"max-video-preview:-1"},"canonical":"https:\/\/www.airos.lv\/de\/dienstleistungen\/","og_locale":"de_DE","og_type":"article","og_title":"Kravu transporta pakalpojumi | AIROS","og_url":"https:\/\/www.airos.lv\/de\/dienstleistungen\/","og_site_name":"Airos lo\u0123istika","article_modified_time":"2019-07-02T09:17:05+00:00","twitter_card":"summary_large_image","twitter_misc":{"Gesch\u00e4tzte Lesezeit":"1\u00a0Minute"},"schema":{"@context":"https:\/\/schema.org","@graph":[{"@type":"WebPage","@id":"https:\/\/www.airos.lv\/de\/dienstleistungen\/","url":"https:\/\/www.airos.lv\/de\/dienstleistungen\/","name":"Kravu transporta pakalpojumi | AIROS","isPartOf":{"@id":"https:\/\/www.airos.lv\/#website"},"datePublished":"2016-03-31T13:59:38+00:00","dateModified":"2019-07-02T09:17:05+00:00","breadcrumb":{"@id":"https:\/\/www.airos.lv\/de\/dienstleistungen\/#breadcrumb"},"inLanguage":"de","potentialAction":[{"@type":"ReadAction","target":["https:\/\/www.airos.lv\/de\/dienstleistungen\/"]}]},{"@type":"BreadcrumbList","@id":"https:\/\/www.airos.lv\/de\/dienstleistungen\/#breadcrumb","itemListElement":[{"@type":"ListItem","position":1,"name":"Home","item":"https:\/\/www.airos.lv\/de\/sakums\/"},{"@type":"ListItem","position":2,"name":"DIENSTLEISTUNGEN"}]},{"@type":"WebSite","@id":"https:\/\/www.airos.lv\/#website","url":"https:\/\/www.airos.lv\/","name":"Airos lo\u0123istika","description":"","publisher":{"@id":"https:\/\/www.airos.lv\/#organization"},"potentialAction":[{"@type":"SearchAction","target":{"@type":"EntryPoint","urlTemplate":"https:\/\/www.airos.lv\/?s={search_term_string}"},"query-input":{"@type":"PropertyValueSpecification","valueRequired":true,"valueName":"search_term_string"}}],"inLanguage":"de"},{"@type":"Organization","@id":"https:\/\/www.airos.lv\/#organization","name":"Airos.lv","url":"https:\/\/www.airos.lv\/","logo":{"@type":"ImageObject","inLanguage":"de","@id":"https:\/\/www.airos.lv\/#\/schema\/logo\/image\/","url":"https:\/\/www.airos.lv\/wp-content\/uploads\/2016\/04\/logo-gray.png","contentUrl":"https:\/\/www.airos.lv\/wp-content\/uploads\/2016\/04\/logo-gray.png","width":300,"height":132,"caption":"Airos.lv"},"image":{"@id":"https:\/\/www.airos.lv\/#\/schema\/logo\/image\/"}}]}},"_links":{"self":[{"href":"https:\/\/www.airos.lv\/de\/wp-json\/wp\/v2\/pages\/406","targetHints":{"allow":["GET"]}}],"collection":[{"href":"https:\/\/www.airos.lv\/de\/wp-json\/wp\/v2\/pages"}],"about":[{"href":"https:\/\/www.airos.lv\/de\/wp-json\/wp\/v2\/types\/page"}],"author":[{"embeddable":true,"href":"https:\/\/www.airos.lv\/de\/wp-json\/wp\/v2\/users\/2"}],"replies":[{"embeddable":true,"href":"https:\/\/www.airos.lv\/de\/wp-json\/wp\/v2\/comments?post=406"}],"version-history":[{"count":6,"href":"https:\/\/www.airos.lv\/de\/wp-json\/wp\/v2\/pages\/406\/revisions"}],"predecessor-version":[{"id":1096,"href":"https:\/\/www.airos.lv\/de\/wp-json\/wp\/v2\/pages\/406\/revisions\/1096"}],"wp:attachment":[{"href":"https:\/\/www.airos.lv\/de\/wp-json\/wp\/v2\/media?parent=406"}],"curies":[{"name":"wp","href":"https:\/\/api.w.org\/{rel}","templated":true}]}}