{"id":399,"date":"2016-03-31T13:38:37","date_gmt":"2016-03-31T13:38:37","guid":{"rendered":"http:\/\/airos.lv\/par-mums\/"},"modified":"2019-07-02T09:44:04","modified_gmt":"2019-07-02T09:44:04","slug":"ueber-uns","status":"publish","type":"page","link":"https:\/\/www.airos.lv\/de\/ueber-uns\/","title":{"rendered":"\u00dcBER UNS"},"content":{"rendered":"\n<style type=\"text\/css\" data-created_by=\"avia_inline_auto\" id=\"style-css-av-y6y55-1a830ac077773672e22b089bbc0d99c2\">\n.avia-section.av-y6y55-1a830ac077773672e22b089bbc0d99c2{\nbackground-repeat:no-repeat;\nbackground-image:url(https:\/\/www.airos.lv\/wp-content\/uploads\/2016\/03\/bigstock-Close-up-of-male-hands-with-pe-46137757.jpg);\nbackground-position:50% 0%;\nbackground-attachment:fixed;\n}\n<\/style>\n<div id='av_section_1'  class='avia-section av-y6y55-1a830ac077773672e22b089bbc0d99c2 main_color avia-section-default avia-no-shadow  avia-builder-el-0  el_before_av_section  avia-builder-el-first  avia-full-stretch avia-bg-style-fixed av-minimum-height av-minimum-height-25 av-height-25  container_wrap fullsize'  data-section-bg-repeat='stretch' data-av_minimum_height_pc='25' data-av_min_height_opt='25'><div class='container av-section-cont-open' ><main  role=\"main\" itemprop=\"mainContentOfPage\"  class='template-page content  av-content-full alpha units'><div class='post-entry post-entry-type-page post-entry-399'><div class='entry-content-wrapper clearfix'>\n\n<style type=\"text\/css\" data-created_by=\"avia_inline_auto\" id=\"style-css-av-jx4gqaqk-c958a19434a988a2d0f99834522b4208\">\n#top .av-special-heading.av-jx4gqaqk-c958a19434a988a2d0f99834522b4208{\npadding-bottom:10px;\nfont-size:40px;\n}\nbody .av-special-heading.av-jx4gqaqk-c958a19434a988a2d0f99834522b4208 .av-special-heading-tag .heading-char{\nfont-size:25px;\n}\n#top #wrap_all .av-special-heading.av-jx4gqaqk-c958a19434a988a2d0f99834522b4208 .av-special-heading-tag{\nfont-size:40px;\n}\n.av-special-heading.av-jx4gqaqk-c958a19434a988a2d0f99834522b4208 .av-subheading{\nfont-size:15px;\n}\n\n@media only screen and (min-width: 480px) and (max-width: 767px){ \n#top #wrap_all .av-special-heading.av-jx4gqaqk-c958a19434a988a2d0f99834522b4208 .av-special-heading-tag{\nfont-size:0.8em;\n}\n}\n\n@media only screen and (max-width: 479px){ \n#top #wrap_all .av-special-heading.av-jx4gqaqk-c958a19434a988a2d0f99834522b4208 .av-special-heading-tag{\nfont-size:0.8em;\n}\n}\n<\/style>\n<div  class='av-special-heading av-jx4gqaqk-c958a19434a988a2d0f99834522b4208 av-special-heading-h3 blockquote modern-quote  avia-builder-el-1  avia-builder-el-no-sibling  av-inherit-size'><h3 class='av-special-heading-tag'  itemprop=\"headline\"  >AIROS<\/h3><div class=\"special-heading-border\"><div class=\"special-heading-inner-border\"><\/div><\/div><\/div>\n\n<\/div><\/div><\/main><!-- close content main element --><\/div><\/div>\n<style type=\"text\/css\" data-created_by=\"avia_inline_auto\" id=\"style-css-av-2cjb5-b185d6b1a8462bed9f597f5e62a95639\">\n.avia-section.av-2cjb5-b185d6b1a8462bed9f597f5e62a95639{\nbackground-repeat:no-repeat;\nbackground-image:url(https:\/\/www.airos.lv\/wp-content\/uploads\/2016\/03\/shadow-2.png);\nbackground-position:50% 0%;\nbackground-attachment:scroll;\n}\n<\/style>\n<div id='av_section_2'  class='avia-section av-2cjb5-b185d6b1a8462bed9f597f5e62a95639 main_color avia-section-default avia-no-border-styling  avia-builder-el-2  el_after_av_section  avia-builder-el-last  avia-bg-style-scroll av-minimum-height av-minimum-height-75 av-height-75  container_wrap fullsize'  data-section-bg-repeat='no-repeat' data-av_minimum_height_pc='75' data-av_min_height_opt='75'><div class='container av-section-cont-open' ><div class='template-page content  av-content-full alpha units'><div class='post-entry post-entry-type-page post-entry-399'><div class='entry-content-wrapper clearfix'>\n<div class='flex_column_table av-ejx7l-7debba03b618d6e8991ce01c9e13b90a sc-av_one_full av-equal-height-column-flextable'>\n<style type=\"text\/css\" data-created_by=\"avia_inline_auto\" id=\"style-css-av-ejx7l-7debba03b618d6e8991ce01c9e13b90a\">\n.flex_column.av-ejx7l-7debba03b618d6e8991ce01c9e13b90a{\nborder-radius:0px 0px 0px 0px;\npadding:0px 0px 0px 0px;\n}\n<\/style>\n<div  class='flex_column av-ejx7l-7debba03b618d6e8991ce01c9e13b90a av_one_full  avia-builder-el-3  avia-builder-el-no-sibling  first flex_column_table_cell av-equal-height-column av-align-top av-zero-column-padding  '     ><style type=\"text\/css\" data-created_by=\"avia_inline_auto\" id=\"style-css-av-bqfnt-c4f70f6876df5e3fb59c863cfd77c7c6\">\n#top .av_textblock_section.av-bqfnt-c4f70f6876df5e3fb59c863cfd77c7c6 .avia_textblock{\ncolor:#383838;\n}\n<\/style>\n<section  class='av_textblock_section av-bqfnt-c4f70f6876df5e3fb59c863cfd77c7c6 '   itemscope=\"itemscope\" itemtype=\"https:\/\/schema.org\/CreativeWork\" ><div class='avia_textblock av_inherit_color'  itemprop=\"text\" ><p>Das schnell und sich st\u00e4ndig \u00e4ndernde Gesch\u00e4ftsumfeld f\u00fcr jeden Hersteller und H\u00e4ndler macht deutlich, wie wichtig es ist, die Arbeit so zu strukturieren, dass das gesamte Unternehmen in einem einheitlichen, entwicklungs- und wachstumsorientierten System arbeitet. Jeder Hersteller und H\u00e4ndler wei\u00df, wie wesentlich eine zeitlich zugestellte Ladung ist, wie wichtig es ist, eine Bestellung ohne Sorgen und B\u00fcrokratie auszuf\u00fchren.<\/p>\n<p>AIROS ist ein Logistikunternehmen mit einem breiten Spektrum von Dienstleistungen im Bereich von internationalen Land-, See- und Luftg\u00fcterbef\u00f6rderungen. In Zusammenarbeit mit Partnern und Logistikagenten in Deutschland, Italien, Gro\u00dfbritannien, den Niederlanden, Skandinavien, Spanien, Italien, Bulgarien und der Ukraine bieten wir regelm\u00e4\u00dfige Sammel- und Komplettladungsbef\u00f6rderungen auf dem Landweg an. Ein breites Netzwerk von Partnern in allen wichtigen H\u00e4fen und gro\u00dfen Flugh\u00e4fen der Welt erm\u00f6glicht es uns, eine Reihe von wettbewerbsf\u00e4higen See- und Luftfrachtdienstleistungen anzubieten.<\/p>\n<p>Seit 2012 sind wir Mitglied der internationalen Logistikorganisation Universal Carriers Alliance UNICA. Die T\u00e4tigkeit in der UNICA bietet uns die M\u00f6glichkeit, See- und Lufttransportdienstleistungen f\u00fcr Frachtlieferungen auch in S\u00fcdamerika, in verschiedenen L\u00e4ndern von Asien, einschlie\u00dflich Indien, Pakistan, der Vereinigten Arabischen Emiraten, sowie verst\u00e4rkt die M\u00f6glichkeiten und die Qualit\u00e4t der Frachtdienstleistungen in Europa. Seit 2013 sind wir in der lettischen Industrie- und Handelskammer in Lettland vertreten.<\/p>\n<p>AIROS ist ein Logistikunternehmen, das sich zum Ziel gesetzt hat, die Anzahl seiner Kunden durch effiziente internationale Lieferungsdienstleistungen und Logistik zu steigern.<\/p>\n<p>AIROS bringt begeisterte und professionelle Mitarbeiter zusammen, die mit ihrer Energie und Kraft in der Lage sind, eine Fracht fortzubewegen und an einen Bestimmungsort zu bringen, auch wenn es unm\u00f6glich erscheint. Jeder muss sein Bestes geben, und f\u00fcr AIROS ist das eine schnelle Lieferung der Waren und die Garantie der damit verbundenen Logistikdienstleistungen.<\/p>\n<p>Zusammen mit AIROS k\u00f6nnen Sie sich immer darauf verlassen, dass Ihre Fracht sicher an ihren Bestimmungsort geliefert wird und dass alle Fragen in einer freundlichen und verst\u00e4ndlichen Sprache beantwortet werden.<\/p>\n<p>Wir alle haben denselben Zweck &#8211; eine sorglose G\u00fcterbef\u00f6rderung!<\/p>\n<\/div><\/section><\/div><\/div><!--close column table wrapper. Autoclose: 1 -->\n","protected":false},"excerpt":{"rendered":"","protected":false},"author":2,"featured_media":0,"parent":0,"menu_order":0,"comment_status":"closed","ping_status":"closed","template":"","meta":{"_acf_changed":false,"footnotes":""},"class_list":["post-399","page","type-page","status-publish","hentry"],"acf":[],"yoast_head":"<!-- This site is optimized with the Yoast SEO plugin v27.3 - https:\/\/yoast.com\/product\/yoast-seo-wordpress\/ -->\n<title>\u00dcBER UNS - Airos lo\u0123istika<\/title>\n<meta name=\"robots\" content=\"index, follow, max-snippet:-1, max-image-preview:large, max-video-preview:-1\" \/>\n<link rel=\"canonical\" href=\"https:\/\/www.airos.lv\/de\/ueber-uns\/\" \/>\n<meta property=\"og:locale\" content=\"de_DE\" \/>\n<meta property=\"og:type\" content=\"article\" \/>\n<meta property=\"og:title\" content=\"\u00dcBER UNS - Airos lo\u0123istika\" \/>\n<meta property=\"og:url\" content=\"https:\/\/www.airos.lv\/de\/ueber-uns\/\" \/>\n<meta property=\"og:site_name\" content=\"Airos lo\u0123istika\" \/>\n<meta property=\"article:modified_time\" content=\"2019-07-02T09:44:04+00:00\" \/>\n<meta name=\"twitter:card\" content=\"summary_large_image\" \/>\n<meta name=\"twitter:label1\" content=\"Gesch\u00e4tzte Lesezeit\" \/>\n\t<meta name=\"twitter:data1\" content=\"3\u00a0Minuten\" \/>\n<script type=\"application\/ld+json\" class=\"yoast-schema-graph\">{\"@context\":\"https:\\\/\\\/schema.org\",\"@graph\":[{\"@type\":\"WebPage\",\"@id\":\"https:\\\/\\\/www.airos.lv\\\/de\\\/ueber-uns\\\/\",\"url\":\"https:\\\/\\\/www.airos.lv\\\/de\\\/ueber-uns\\\/\",\"name\":\"\u00dcBER UNS - Airos lo\u0123istika\",\"isPartOf\":{\"@id\":\"https:\\\/\\\/www.airos.lv\\\/#website\"},\"datePublished\":\"2016-03-31T13:38:37+00:00\",\"dateModified\":\"2019-07-02T09:44:04+00:00\",\"breadcrumb\":{\"@id\":\"https:\\\/\\\/www.airos.lv\\\/de\\\/ueber-uns\\\/#breadcrumb\"},\"inLanguage\":\"de\",\"potentialAction\":[{\"@type\":\"ReadAction\",\"target\":[\"https:\\\/\\\/www.airos.lv\\\/de\\\/ueber-uns\\\/\"]}]},{\"@type\":\"BreadcrumbList\",\"@id\":\"https:\\\/\\\/www.airos.lv\\\/de\\\/ueber-uns\\\/#breadcrumb\",\"itemListElement\":[{\"@type\":\"ListItem\",\"position\":1,\"name\":\"Home\",\"item\":\"https:\\\/\\\/www.airos.lv\\\/de\\\/sakums\\\/\"},{\"@type\":\"ListItem\",\"position\":2,\"name\":\"\u00dcBER UNS\"}]},{\"@type\":\"WebSite\",\"@id\":\"https:\\\/\\\/www.airos.lv\\\/#website\",\"url\":\"https:\\\/\\\/www.airos.lv\\\/\",\"name\":\"Airos lo\u0123istika\",\"description\":\"\",\"publisher\":{\"@id\":\"https:\\\/\\\/www.airos.lv\\\/#organization\"},\"potentialAction\":[{\"@type\":\"SearchAction\",\"target\":{\"@type\":\"EntryPoint\",\"urlTemplate\":\"https:\\\/\\\/www.airos.lv\\\/?s={search_term_string}\"},\"query-input\":{\"@type\":\"PropertyValueSpecification\",\"valueRequired\":true,\"valueName\":\"search_term_string\"}}],\"inLanguage\":\"de\"},{\"@type\":\"Organization\",\"@id\":\"https:\\\/\\\/www.airos.lv\\\/#organization\",\"name\":\"Airos.lv\",\"url\":\"https:\\\/\\\/www.airos.lv\\\/\",\"logo\":{\"@type\":\"ImageObject\",\"inLanguage\":\"de\",\"@id\":\"https:\\\/\\\/www.airos.lv\\\/#\\\/schema\\\/logo\\\/image\\\/\",\"url\":\"https:\\\/\\\/www.airos.lv\\\/wp-content\\\/uploads\\\/2016\\\/04\\\/logo-gray.png\",\"contentUrl\":\"https:\\\/\\\/www.airos.lv\\\/wp-content\\\/uploads\\\/2016\\\/04\\\/logo-gray.png\",\"width\":300,\"height\":132,\"caption\":\"Airos.lv\"},\"image\":{\"@id\":\"https:\\\/\\\/www.airos.lv\\\/#\\\/schema\\\/logo\\\/image\\\/\"}}]}<\/script>\n<!-- \/ Yoast SEO plugin. -->","yoast_head_json":{"title":"\u00dcBER UNS - Airos lo\u0123istika","robots":{"index":"index","follow":"follow","max-snippet":"max-snippet:-1","max-image-preview":"max-image-preview:large","max-video-preview":"max-video-preview:-1"},"canonical":"https:\/\/www.airos.lv\/de\/ueber-uns\/","og_locale":"de_DE","og_type":"article","og_title":"\u00dcBER UNS - Airos lo\u0123istika","og_url":"https:\/\/www.airos.lv\/de\/ueber-uns\/","og_site_name":"Airos lo\u0123istika","article_modified_time":"2019-07-02T09:44:04+00:00","twitter_card":"summary_large_image","twitter_misc":{"Gesch\u00e4tzte Lesezeit":"3\u00a0Minuten"},"schema":{"@context":"https:\/\/schema.org","@graph":[{"@type":"WebPage","@id":"https:\/\/www.airos.lv\/de\/ueber-uns\/","url":"https:\/\/www.airos.lv\/de\/ueber-uns\/","name":"\u00dcBER UNS - Airos lo\u0123istika","isPartOf":{"@id":"https:\/\/www.airos.lv\/#website"},"datePublished":"2016-03-31T13:38:37+00:00","dateModified":"2019-07-02T09:44:04+00:00","breadcrumb":{"@id":"https:\/\/www.airos.lv\/de\/ueber-uns\/#breadcrumb"},"inLanguage":"de","potentialAction":[{"@type":"ReadAction","target":["https:\/\/www.airos.lv\/de\/ueber-uns\/"]}]},{"@type":"BreadcrumbList","@id":"https:\/\/www.airos.lv\/de\/ueber-uns\/#breadcrumb","itemListElement":[{"@type":"ListItem","position":1,"name":"Home","item":"https:\/\/www.airos.lv\/de\/sakums\/"},{"@type":"ListItem","position":2,"name":"\u00dcBER UNS"}]},{"@type":"WebSite","@id":"https:\/\/www.airos.lv\/#website","url":"https:\/\/www.airos.lv\/","name":"Airos lo\u0123istika","description":"","publisher":{"@id":"https:\/\/www.airos.lv\/#organization"},"potentialAction":[{"@type":"SearchAction","target":{"@type":"EntryPoint","urlTemplate":"https:\/\/www.airos.lv\/?s={search_term_string}"},"query-input":{"@type":"PropertyValueSpecification","valueRequired":true,"valueName":"search_term_string"}}],"inLanguage":"de"},{"@type":"Organization","@id":"https:\/\/www.airos.lv\/#organization","name":"Airos.lv","url":"https:\/\/www.airos.lv\/","logo":{"@type":"ImageObject","inLanguage":"de","@id":"https:\/\/www.airos.lv\/#\/schema\/logo\/image\/","url":"https:\/\/www.airos.lv\/wp-content\/uploads\/2016\/04\/logo-gray.png","contentUrl":"https:\/\/www.airos.lv\/wp-content\/uploads\/2016\/04\/logo-gray.png","width":300,"height":132,"caption":"Airos.lv"},"image":{"@id":"https:\/\/www.airos.lv\/#\/schema\/logo\/image\/"}}]}},"_links":{"self":[{"href":"https:\/\/www.airos.lv\/de\/wp-json\/wp\/v2\/pages\/399","targetHints":{"allow":["GET"]}}],"collection":[{"href":"https:\/\/www.airos.lv\/de\/wp-json\/wp\/v2\/pages"}],"about":[{"href":"https:\/\/www.airos.lv\/de\/wp-json\/wp\/v2\/types\/page"}],"author":[{"embeddable":true,"href":"https:\/\/www.airos.lv\/de\/wp-json\/wp\/v2\/users\/2"}],"replies":[{"embeddable":true,"href":"https:\/\/www.airos.lv\/de\/wp-json\/wp\/v2\/comments?post=399"}],"version-history":[{"count":5,"href":"https:\/\/www.airos.lv\/de\/wp-json\/wp\/v2\/pages\/399\/revisions"}],"predecessor-version":[{"id":1111,"href":"https:\/\/www.airos.lv\/de\/wp-json\/wp\/v2\/pages\/399\/revisions\/1111"}],"wp:attachment":[{"href":"https:\/\/www.airos.lv\/de\/wp-json\/wp\/v2\/media?parent=399"}],"curies":[{"name":"wp","href":"https:\/\/api.w.org\/{rel}","templated":true}]}}