{"id":1074,"date":"2019-06-11T10:30:49","date_gmt":"2019-06-11T10:30:49","guid":{"rendered":"https:\/\/www.airos.lv\/transporta-pakalpojumi\/citi-muitas-un-logistikas-pakalpojumi\/"},"modified":"2019-07-12T11:40:49","modified_gmt":"2019-07-12T11:40:49","slug":"sonstige-zoll-und-logistikdienstleistungen","status":"publish","type":"page","link":"https:\/\/www.airos.lv\/de\/dienstleistungen\/sonstige-zoll-und-logistikdienstleistungen\/","title":{"rendered":"Sonstige Zoll- und  Logistikdienstleistungen"},"content":{"rendered":"<div id='av_section_1'  class='avia-section av-jwrmx01v-107f1fbd3b4ebbcaf69d349388fb6a26 main_color avia-section-default avia-no-border-styling  avia-builder-el-0  avia-builder-el-no-sibling  avia-bg-style-scroll container_wrap fullsize'  ><div class='container av-section-cont-open' ><main  role=\"main\" itemprop=\"mainContentOfPage\"  class='template-page content  av-content-full alpha units'><div class='post-entry post-entry-type-page post-entry-1074'><div class='entry-content-wrapper clearfix'>\n\n<style type=\"text\/css\" data-created_by=\"avia_inline_auto\" id=\"style-css-av-eafwm-6a13f01affc0cfeb2a189f05b3e85da0\">\n.flex_column.av-eafwm-6a13f01affc0cfeb2a189f05b3e85da0{\nborder-radius:0px 0px 0px 0px;\npadding:0px 0px 0px 0px;\n}\n<\/style>\n<div  class='flex_column av-eafwm-6a13f01affc0cfeb2a189f05b3e85da0 av_one_half  avia-builder-el-1  el_before_av_one_half  avia-builder-el-first  first flex_column_div av-zero-column-padding  '     ><section  class='av_textblock_section av-jwrnzcdf-f4c08c4655ba8019f1e85d98c083ae1f '   itemscope=\"itemscope\" itemtype=\"https:\/\/schema.org\/CreativeWork\" ><div class='avia_textblock'  itemprop=\"text\" ><h1>Sonstige Zoll- und Logistikdienstleistungen<\/h1>\n<h2>Breite Palette von Zoll- und Logistikdienstleistungen<\/h2>\n<p><strong>AIROS bietet eine breite Palette von Zoll- und Logistikdienstleistungen an. Der Kunde muss nur angeben, wo sich die Ladung befindet und wohin sie geliefert werden soll, und wir werden sowohl das Be- und Entladen als auch den Transport organisieren und die damit verbundenen Formalit\u00e4ten und Dokumente vorbereiten.<\/strong><\/p>\n<p>Jeder Kunde hat seinen eigenen pers\u00f6nlichen AIROS-Manager, der daf\u00fcr sorgt, dass der Kunde immer \u00fcber die Ladung und deren Transportstatus informiert ist, und alle Fragen beantwortet, die w\u00e4hrend des Transportprozesses auftreten k\u00f6nnen.<\/p>\n<h2>Frachtversicherung<\/h2>\n<p><strong>Um jegliche Risiken im Zusammenhang mit der Bef\u00f6rderung, dem Be- und Entladen von G\u00fctern so gering wie m\u00f6glich zu halten, sind alle von AIROS angebotenen Landtransportdienstleistungen durch eine CMR-Frachtversicherung abgesichert.<\/strong><\/p>\n<p>Damit sich der Kunde stets sicher in Bezug auf die Ladung f\u00fchlt, w\u00e4hrend diese sich auf dem Weg zum Bestimmungsort befindet, besteht auch die geltende Haftpflichtversicherung des Spediteurs als eine zus\u00e4tzliche Sicherheit f\u00fcr unsere Land-, See- und Luftg\u00fcterbef\u00f6rderungen.<\/p>\n<p>Dar\u00fcber hinaus bieten wir eine zus\u00e4tzliche Ladungswertversicherung in den gr\u00f6\u00dften lettischen Versicherungsunternehmen an, damit die G\u00fcterbef\u00f6rderungen v\u00f6llig frei von Sorgen w\u00e4ren!<\/p>\n<\/div><\/section><\/div>\n<style type=\"text\/css\" data-created_by=\"avia_inline_auto\" id=\"style-css-av-anmsu-ced4e0635333ced5aa4df7f0d962fa55\">\n.flex_column.av-anmsu-ced4e0635333ced5aa4df7f0d962fa55{\nborder-radius:0px 0px 0px 0px;\npadding:0px 0px 0px 0px;\n}\n<\/style>\n<div  class='flex_column av-anmsu-ced4e0635333ced5aa4df7f0d962fa55 av_one_half  avia-builder-el-3  el_after_av_one_half  el_before_av_button  flex_column_div av-zero-column-padding  '     ><section  class='av_textblock_section av-jx36uja0-212ff595c81da1d17eeb23a58c70f0cf '   itemscope=\"itemscope\" itemtype=\"https:\/\/schema.org\/CreativeWork\" ><div class='avia_textblock'  itemprop=\"text\" ><p><img loading=\"lazy\" decoding=\"async\" class=\"size-portfolio wp-image-183\" src=\"https:\/\/www.airos.lv\/wp-content\/uploads\/2016\/03\/bigstock-Close-up-of-male-hands-with-pe-46137757-495x400.jpg\" alt=\"\" width=\"495\" height=\"400\" srcset=\"https:\/\/www.airos.lv\/wp-content\/uploads\/2016\/03\/bigstock-Close-up-of-male-hands-with-pe-46137757-495x400.jpg 495w, https:\/\/www.airos.lv\/wp-content\/uploads\/2016\/03\/bigstock-Close-up-of-male-hands-with-pe-46137757-845x684.jpg 845w\" sizes=\"auto, (max-width: 495px) 100vw, 495px\" \/><\/p>\n<\/div><\/section><\/div><div  class='avia-button-wrap av-jx3akbcj-0a943b7606f25e54936d0ff7033323d3-wrap avia-button-center  avia-builder-el-5  el_after_av_one_half  avia-builder-el-last '>\n<style type=\"text\/css\" data-created_by=\"avia_inline_auto\" id=\"style-css-av-jx3akbcj-0a943b7606f25e54936d0ff7033323d3\">\n#top #wrap_all .avia-button.av-jx3akbcj-0a943b7606f25e54936d0ff7033323d3{\nbackground-color:#1fa00e;\nborder-color:#1fa00e;\ncolor:#ffffff;\ntransition:all 0.4s ease-in-out;\n}\n<\/style>\n<a href='https:\/\/www.airos.lv\/de\/preisanfrage\/'  class='avia-button av-jx3akbcj-0a943b7606f25e54936d0ff7033323d3 avia-icon_select-yes-right-icon avia-size-x-large avia-position-center av-icon-on-hover'  ><span class='avia_iconbox_title' >Preisanfrage<\/span><span class='avia_button_icon avia_button_icon_right' aria-hidden='true' data-av_icon='\ue879' data-av_iconfont='entypo-fontello'><\/span><\/a><\/div>\n\n","protected":false},"excerpt":{"rendered":"","protected":false},"author":2,"featured_media":0,"parent":406,"menu_order":9,"comment_status":"closed","ping_status":"closed","template":"","meta":{"_acf_changed":false,"footnotes":""},"class_list":["post-1074","page","type-page","status-publish","hentry"],"acf":[],"yoast_head":"<!-- This site is optimized with the Yoast SEO plugin v27.3 - https:\/\/yoast.com\/product\/yoast-seo-wordpress\/ -->\n<title>Sonstige Zoll- und Logistikdienstleistungen - Airos lo\u0123istika<\/title>\n<meta name=\"robots\" content=\"index, follow, max-snippet:-1, max-image-preview:large, max-video-preview:-1\" \/>\n<link rel=\"canonical\" href=\"https:\/\/www.airos.lv\/de\/dienstleistungen\/sonstige-zoll-und-logistikdienstleistungen\/\" \/>\n<meta property=\"og:locale\" content=\"de_DE\" \/>\n<meta property=\"og:type\" content=\"article\" \/>\n<meta property=\"og:title\" content=\"Sonstige Zoll- und Logistikdienstleistungen - Airos lo\u0123istika\" \/>\n<meta property=\"og:url\" content=\"https:\/\/www.airos.lv\/de\/dienstleistungen\/sonstige-zoll-und-logistikdienstleistungen\/\" \/>\n<meta property=\"og:site_name\" content=\"Airos lo\u0123istika\" \/>\n<meta property=\"article:modified_time\" content=\"2019-07-12T11:40:49+00:00\" \/>\n<meta property=\"og:image\" content=\"https:\/\/www.airos.lv\/wp-content\/uploads\/2016\/03\/bigstock-Close-up-of-male-hands-with-pe-46137757-495x400.jpg\" \/>\n<meta name=\"twitter:card\" content=\"summary_large_image\" \/>\n<meta name=\"twitter:label1\" content=\"Gesch\u00e4tzte Lesezeit\" \/>\n\t<meta name=\"twitter:data1\" content=\"3\u00a0Minuten\" \/>\n<script type=\"application\/ld+json\" class=\"yoast-schema-graph\">{\"@context\":\"https:\\\/\\\/schema.org\",\"@graph\":[{\"@type\":\"WebPage\",\"@id\":\"https:\\\/\\\/www.airos.lv\\\/de\\\/dienstleistungen\\\/sonstige-zoll-und-logistikdienstleistungen\\\/\",\"url\":\"https:\\\/\\\/www.airos.lv\\\/de\\\/dienstleistungen\\\/sonstige-zoll-und-logistikdienstleistungen\\\/\",\"name\":\"Sonstige Zoll- und Logistikdienstleistungen - Airos lo\u0123istika\",\"isPartOf\":{\"@id\":\"https:\\\/\\\/www.airos.lv\\\/#website\"},\"primaryImageOfPage\":{\"@id\":\"https:\\\/\\\/www.airos.lv\\\/de\\\/dienstleistungen\\\/sonstige-zoll-und-logistikdienstleistungen\\\/#primaryimage\"},\"image\":{\"@id\":\"https:\\\/\\\/www.airos.lv\\\/de\\\/dienstleistungen\\\/sonstige-zoll-und-logistikdienstleistungen\\\/#primaryimage\"},\"thumbnailUrl\":\"https:\\\/\\\/www.airos.lv\\\/wp-content\\\/uploads\\\/2016\\\/03\\\/bigstock-Close-up-of-male-hands-with-pe-46137757-495x400.jpg\",\"datePublished\":\"2019-06-11T10:30:49+00:00\",\"dateModified\":\"2019-07-12T11:40:49+00:00\",\"breadcrumb\":{\"@id\":\"https:\\\/\\\/www.airos.lv\\\/de\\\/dienstleistungen\\\/sonstige-zoll-und-logistikdienstleistungen\\\/#breadcrumb\"},\"inLanguage\":\"de\",\"potentialAction\":[{\"@type\":\"ReadAction\",\"target\":[\"https:\\\/\\\/www.airos.lv\\\/de\\\/dienstleistungen\\\/sonstige-zoll-und-logistikdienstleistungen\\\/\"]}]},{\"@type\":\"ImageObject\",\"inLanguage\":\"de\",\"@id\":\"https:\\\/\\\/www.airos.lv\\\/de\\\/dienstleistungen\\\/sonstige-zoll-und-logistikdienstleistungen\\\/#primaryimage\",\"url\":\"https:\\\/\\\/www.airos.lv\\\/wp-content\\\/uploads\\\/2016\\\/03\\\/bigstock-Close-up-of-male-hands-with-pe-46137757-495x400.jpg\",\"contentUrl\":\"https:\\\/\\\/www.airos.lv\\\/wp-content\\\/uploads\\\/2016\\\/03\\\/bigstock-Close-up-of-male-hands-with-pe-46137757-495x400.jpg\"},{\"@type\":\"BreadcrumbList\",\"@id\":\"https:\\\/\\\/www.airos.lv\\\/de\\\/dienstleistungen\\\/sonstige-zoll-und-logistikdienstleistungen\\\/#breadcrumb\",\"itemListElement\":[{\"@type\":\"ListItem\",\"position\":1,\"name\":\"Home\",\"item\":\"https:\\\/\\\/www.airos.lv\\\/de\\\/sakums\\\/\"},{\"@type\":\"ListItem\",\"position\":2,\"name\":\"DIENSTLEISTUNGEN\",\"item\":\"https:\\\/\\\/www.airos.lv\\\/de\\\/dienstleistungen\\\/\"},{\"@type\":\"ListItem\",\"position\":3,\"name\":\"Sonstige Zoll- und Logistikdienstleistungen\"}]},{\"@type\":\"WebSite\",\"@id\":\"https:\\\/\\\/www.airos.lv\\\/#website\",\"url\":\"https:\\\/\\\/www.airos.lv\\\/\",\"name\":\"Airos lo\u0123istika\",\"description\":\"\",\"publisher\":{\"@id\":\"https:\\\/\\\/www.airos.lv\\\/#organization\"},\"potentialAction\":[{\"@type\":\"SearchAction\",\"target\":{\"@type\":\"EntryPoint\",\"urlTemplate\":\"https:\\\/\\\/www.airos.lv\\\/?s={search_term_string}\"},\"query-input\":{\"@type\":\"PropertyValueSpecification\",\"valueRequired\":true,\"valueName\":\"search_term_string\"}}],\"inLanguage\":\"de\"},{\"@type\":\"Organization\",\"@id\":\"https:\\\/\\\/www.airos.lv\\\/#organization\",\"name\":\"Airos.lv\",\"url\":\"https:\\\/\\\/www.airos.lv\\\/\",\"logo\":{\"@type\":\"ImageObject\",\"inLanguage\":\"de\",\"@id\":\"https:\\\/\\\/www.airos.lv\\\/#\\\/schema\\\/logo\\\/image\\\/\",\"url\":\"https:\\\/\\\/www.airos.lv\\\/wp-content\\\/uploads\\\/2016\\\/04\\\/logo-gray.png\",\"contentUrl\":\"https:\\\/\\\/www.airos.lv\\\/wp-content\\\/uploads\\\/2016\\\/04\\\/logo-gray.png\",\"width\":300,\"height\":132,\"caption\":\"Airos.lv\"},\"image\":{\"@id\":\"https:\\\/\\\/www.airos.lv\\\/#\\\/schema\\\/logo\\\/image\\\/\"}}]}<\/script>\n<!-- \/ Yoast SEO plugin. -->","yoast_head_json":{"title":"Sonstige Zoll- und Logistikdienstleistungen - Airos lo\u0123istika","robots":{"index":"index","follow":"follow","max-snippet":"max-snippet:-1","max-image-preview":"max-image-preview:large","max-video-preview":"max-video-preview:-1"},"canonical":"https:\/\/www.airos.lv\/de\/dienstleistungen\/sonstige-zoll-und-logistikdienstleistungen\/","og_locale":"de_DE","og_type":"article","og_title":"Sonstige Zoll- und Logistikdienstleistungen - Airos lo\u0123istika","og_url":"https:\/\/www.airos.lv\/de\/dienstleistungen\/sonstige-zoll-und-logistikdienstleistungen\/","og_site_name":"Airos lo\u0123istika","article_modified_time":"2019-07-12T11:40:49+00:00","og_image":[{"url":"https:\/\/www.airos.lv\/wp-content\/uploads\/2016\/03\/bigstock-Close-up-of-male-hands-with-pe-46137757-495x400.jpg","type":"","width":"","height":""}],"twitter_card":"summary_large_image","twitter_misc":{"Gesch\u00e4tzte Lesezeit":"3\u00a0Minuten"},"schema":{"@context":"https:\/\/schema.org","@graph":[{"@type":"WebPage","@id":"https:\/\/www.airos.lv\/de\/dienstleistungen\/sonstige-zoll-und-logistikdienstleistungen\/","url":"https:\/\/www.airos.lv\/de\/dienstleistungen\/sonstige-zoll-und-logistikdienstleistungen\/","name":"Sonstige Zoll- und Logistikdienstleistungen - Airos lo\u0123istika","isPartOf":{"@id":"https:\/\/www.airos.lv\/#website"},"primaryImageOfPage":{"@id":"https:\/\/www.airos.lv\/de\/dienstleistungen\/sonstige-zoll-und-logistikdienstleistungen\/#primaryimage"},"image":{"@id":"https:\/\/www.airos.lv\/de\/dienstleistungen\/sonstige-zoll-und-logistikdienstleistungen\/#primaryimage"},"thumbnailUrl":"https:\/\/www.airos.lv\/wp-content\/uploads\/2016\/03\/bigstock-Close-up-of-male-hands-with-pe-46137757-495x400.jpg","datePublished":"2019-06-11T10:30:49+00:00","dateModified":"2019-07-12T11:40:49+00:00","breadcrumb":{"@id":"https:\/\/www.airos.lv\/de\/dienstleistungen\/sonstige-zoll-und-logistikdienstleistungen\/#breadcrumb"},"inLanguage":"de","potentialAction":[{"@type":"ReadAction","target":["https:\/\/www.airos.lv\/de\/dienstleistungen\/sonstige-zoll-und-logistikdienstleistungen\/"]}]},{"@type":"ImageObject","inLanguage":"de","@id":"https:\/\/www.airos.lv\/de\/dienstleistungen\/sonstige-zoll-und-logistikdienstleistungen\/#primaryimage","url":"https:\/\/www.airos.lv\/wp-content\/uploads\/2016\/03\/bigstock-Close-up-of-male-hands-with-pe-46137757-495x400.jpg","contentUrl":"https:\/\/www.airos.lv\/wp-content\/uploads\/2016\/03\/bigstock-Close-up-of-male-hands-with-pe-46137757-495x400.jpg"},{"@type":"BreadcrumbList","@id":"https:\/\/www.airos.lv\/de\/dienstleistungen\/sonstige-zoll-und-logistikdienstleistungen\/#breadcrumb","itemListElement":[{"@type":"ListItem","position":1,"name":"Home","item":"https:\/\/www.airos.lv\/de\/sakums\/"},{"@type":"ListItem","position":2,"name":"DIENSTLEISTUNGEN","item":"https:\/\/www.airos.lv\/de\/dienstleistungen\/"},{"@type":"ListItem","position":3,"name":"Sonstige Zoll- und Logistikdienstleistungen"}]},{"@type":"WebSite","@id":"https:\/\/www.airos.lv\/#website","url":"https:\/\/www.airos.lv\/","name":"Airos lo\u0123istika","description":"","publisher":{"@id":"https:\/\/www.airos.lv\/#organization"},"potentialAction":[{"@type":"SearchAction","target":{"@type":"EntryPoint","urlTemplate":"https:\/\/www.airos.lv\/?s={search_term_string}"},"query-input":{"@type":"PropertyValueSpecification","valueRequired":true,"valueName":"search_term_string"}}],"inLanguage":"de"},{"@type":"Organization","@id":"https:\/\/www.airos.lv\/#organization","name":"Airos.lv","url":"https:\/\/www.airos.lv\/","logo":{"@type":"ImageObject","inLanguage":"de","@id":"https:\/\/www.airos.lv\/#\/schema\/logo\/image\/","url":"https:\/\/www.airos.lv\/wp-content\/uploads\/2016\/04\/logo-gray.png","contentUrl":"https:\/\/www.airos.lv\/wp-content\/uploads\/2016\/04\/logo-gray.png","width":300,"height":132,"caption":"Airos.lv"},"image":{"@id":"https:\/\/www.airos.lv\/#\/schema\/logo\/image\/"}}]}},"_links":{"self":[{"href":"https:\/\/www.airos.lv\/de\/wp-json\/wp\/v2\/pages\/1074","targetHints":{"allow":["GET"]}}],"collection":[{"href":"https:\/\/www.airos.lv\/de\/wp-json\/wp\/v2\/pages"}],"about":[{"href":"https:\/\/www.airos.lv\/de\/wp-json\/wp\/v2\/types\/page"}],"author":[{"embeddable":true,"href":"https:\/\/www.airos.lv\/de\/wp-json\/wp\/v2\/users\/2"}],"replies":[{"embeddable":true,"href":"https:\/\/www.airos.lv\/de\/wp-json\/wp\/v2\/comments?post=1074"}],"version-history":[{"count":3,"href":"https:\/\/www.airos.lv\/de\/wp-json\/wp\/v2\/pages\/1074\/revisions"}],"predecessor-version":[{"id":1165,"href":"https:\/\/www.airos.lv\/de\/wp-json\/wp\/v2\/pages\/1074\/revisions\/1165"}],"up":[{"embeddable":true,"href":"https:\/\/www.airos.lv\/de\/wp-json\/wp\/v2\/pages\/406"}],"wp:attachment":[{"href":"https:\/\/www.airos.lv\/de\/wp-json\/wp\/v2\/media?parent=1074"}],"curies":[{"name":"wp","href":"https:\/\/api.w.org\/{rel}","templated":true}]}}