{"id":1070,"date":"2019-06-11T10:13:52","date_gmt":"2019-06-11T10:13:52","guid":{"rendered":"https:\/\/www.airos.lv\/transporta-pakalpojumi\/bistamo-adr-kravu-parvadajumi\/"},"modified":"2019-07-12T11:40:35","modified_gmt":"2019-07-12T11:40:35","slug":"befoerderung-gefaehrlicher-gueter-adr","status":"publish","type":"page","link":"https:\/\/www.airos.lv\/de\/dienstleistungen\/befoerderung-gefaehrlicher-gueter-adr\/","title":{"rendered":"Bef\u00f6rderung gef\u00e4hrlicher G\u00fcter (ADR)"},"content":{"rendered":"<div id='av_section_1'  class='avia-section av-jwrmx01v-107f1fbd3b4ebbcaf69d349388fb6a26 main_color avia-section-default avia-no-border-styling  avia-builder-el-0  avia-builder-el-no-sibling  avia-bg-style-scroll container_wrap fullsize'  ><div class='container av-section-cont-open' ><main  role=\"main\" itemprop=\"mainContentOfPage\"  class='template-page content  av-content-full alpha units'><div class='post-entry post-entry-type-page post-entry-1070'><div class='entry-content-wrapper clearfix'>\n\n<style type=\"text\/css\" data-created_by=\"avia_inline_auto\" id=\"style-css-av-gyc1z-d3d2ea79e54ebb8d84a5d35aad34a727\">\n.flex_column.av-gyc1z-d3d2ea79e54ebb8d84a5d35aad34a727{\nborder-radius:0px 0px 0px 0px;\npadding:0px 0px 0px 0px;\n}\n<\/style>\n<div  class='flex_column av-gyc1z-d3d2ea79e54ebb8d84a5d35aad34a727 av_one_half  avia-builder-el-1  el_before_av_one_half  avia-builder-el-first  first flex_column_div av-zero-column-padding  '     ><section  class='av_textblock_section av-jwrnd3aj-bf4e414a038753ef41fd3d9ec271520c '   itemscope=\"itemscope\" itemtype=\"https:\/\/schema.org\/CreativeWork\" ><div class='avia_textblock'  itemprop=\"text\" ><h1>Bef\u00f6rderung gef\u00e4hrlicher G\u00fcter (ADR)<\/h1>\n<p><strong>Die Bef\u00f6rderung gef\u00e4hrlicher G\u00fcter (ADR) wird kein Problem mehr sein. Die von AIROS organisierten Frachtfahrzeuge sind mit einer technischen Ausr\u00fcstung gem\u00e4\u00df den internationalen ADR-Transportvorschriften ausgestattet und der Fahrer verf\u00fcgt \u00fcber eine ADR-Lizenz, mit der auch gef\u00e4hrliche G\u00fcter schnell an den Bestimmungsort gebracht werden k\u00f6nnen.<\/strong><\/p>\n<p>AIROS f\u00fchrt die Bef\u00f6rderung gef\u00e4hrlicher G\u00fcter wie jede andere G\u00fcterbef\u00f6rderung mit gr\u00f6\u00dfter Sorgfalt und Aufmerksamkeit in alle baltischen und europ\u00e4ischen L\u00e4nder durch. Ihre Ladung erreicht ihren Bestimmungsort zum optimalen Zeitpunkt mit den h\u00f6chsten Sicherheitsstandards.<\/p>\n<p>Alle Ihre m\u00f6glichen Fragen und Unklarheiten werden von Ihrem pers\u00f6nlichen AIROS-Manager beantwortet, sodass Sie sich jederzeit \u00fcber den Status und den Standort Ihrer Ladung sicher f\u00fchlen k\u00f6nnen.<\/p>\n<\/div><\/section><\/div>\n<style type=\"text\/css\" data-created_by=\"avia_inline_auto\" id=\"style-css-av-7yh3r-2a7be10012237459bb6094599af1ba0a\">\n.flex_column.av-7yh3r-2a7be10012237459bb6094599af1ba0a{\nborder-radius:0px 0px 0px 0px;\npadding:0px 0px 0px 0px;\n}\n<\/style>\n<div  class='flex_column av-7yh3r-2a7be10012237459bb6094599af1ba0a av_one_half  avia-builder-el-3  el_after_av_one_half  el_before_av_button  flex_column_div av-zero-column-padding  '     ><section  class='av_textblock_section av-jx36ojrz-f2133070999a425ab0ac1ddea9409376 '   itemscope=\"itemscope\" itemtype=\"https:\/\/schema.org\/CreativeWork\" ><div class='avia_textblock'  itemprop=\"text\" ><p><img loading=\"lazy\" decoding=\"async\" class=\"size-portfolio wp-image-185\" src=\"https:\/\/www.airos.lv\/wp-content\/uploads\/2016\/03\/Depositphotos_1142935_original-495x400.jpg\" alt=\"b\u012bstamo-kravu-p\u0101rvad\u0101jumi\" width=\"495\" height=\"400\" srcset=\"https:\/\/www.airos.lv\/wp-content\/uploads\/2016\/03\/Depositphotos_1142935_original-495x400.jpg 495w, https:\/\/www.airos.lv\/wp-content\/uploads\/2016\/03\/Depositphotos_1142935_original-845x684.jpg 845w\" sizes=\"auto, (max-width: 495px) 100vw, 495px\" \/><\/p>\n<\/div><\/section><\/div><div  class='avia-button-wrap av-jx3akbcj-0a943b7606f25e54936d0ff7033323d3-wrap avia-button-center  avia-builder-el-5  el_after_av_one_half  avia-builder-el-last '>\n<style type=\"text\/css\" data-created_by=\"avia_inline_auto\" id=\"style-css-av-jx3akbcj-0a943b7606f25e54936d0ff7033323d3\">\n#top #wrap_all .avia-button.av-jx3akbcj-0a943b7606f25e54936d0ff7033323d3{\nbackground-color:#1fa00e;\nborder-color:#1fa00e;\ncolor:#ffffff;\ntransition:all 0.4s ease-in-out;\n}\n<\/style>\n<a href='https:\/\/www.airos.lv\/de\/preisanfrage\/'  class='avia-button av-jx3akbcj-0a943b7606f25e54936d0ff7033323d3 avia-icon_select-yes-right-icon avia-size-x-large avia-position-center av-icon-on-hover'  ><span class='avia_iconbox_title' >Preisanfrage<\/span><span class='avia_button_icon avia_button_icon_right' aria-hidden='true' data-av_icon='\ue879' data-av_iconfont='entypo-fontello'><\/span><\/a><\/div>\n\n","protected":false},"excerpt":{"rendered":"","protected":false},"author":2,"featured_media":0,"parent":406,"menu_order":5,"comment_status":"closed","ping_status":"closed","template":"","meta":{"_acf_changed":false,"footnotes":""},"class_list":["post-1070","page","type-page","status-publish","hentry"],"acf":[],"yoast_head":"<!-- This site is optimized with the Yoast SEO plugin v25.8 - https:\/\/yoast.com\/wordpress\/plugins\/seo\/ -->\n<title>Bef\u00f6rderung gef\u00e4hrlicher G\u00fcter (ADR) - Airos lo\u0123istika<\/title>\n<meta name=\"description\" content=\"B\u012bstamo (ADR) kravu p\u0101rvad\u0101jumi tiek veikti uz vis\u0101m Baltijas un Eiropas valst\u012bm ar liel\u0101ko r\u016bp\u012bbu un uzman\u012bbu. Pieprasiet cenu jau \u0161odien!\" \/>\n<meta name=\"robots\" content=\"index, follow, max-snippet:-1, max-image-preview:large, max-video-preview:-1\" \/>\n<link rel=\"canonical\" href=\"https:\/\/www.airos.lv\/de\/dienstleistungen\/befoerderung-gefaehrlicher-gueter-adr\/\" \/>\n<meta property=\"og:locale\" content=\"de_DE\" \/>\n<meta property=\"og:type\" content=\"article\" \/>\n<meta property=\"og:title\" content=\"Bef\u00f6rderung gef\u00e4hrlicher G\u00fcter (ADR) - Airos lo\u0123istika\" \/>\n<meta property=\"og:description\" content=\"B\u012bstamo (ADR) kravu p\u0101rvad\u0101jumi tiek veikti uz vis\u0101m Baltijas un Eiropas valst\u012bm ar liel\u0101ko r\u016bp\u012bbu un uzman\u012bbu. Pieprasiet cenu jau \u0161odien!\" \/>\n<meta property=\"og:url\" content=\"https:\/\/www.airos.lv\/de\/dienstleistungen\/befoerderung-gefaehrlicher-gueter-adr\/\" \/>\n<meta property=\"og:site_name\" content=\"Airos lo\u0123istika\" \/>\n<meta property=\"article:modified_time\" content=\"2019-07-12T11:40:35+00:00\" \/>\n<meta property=\"og:image\" content=\"https:\/\/www.airos.lv\/wp-content\/uploads\/2016\/03\/Depositphotos_1142935_original-495x400.jpg\" \/>\n<meta name=\"twitter:card\" content=\"summary_large_image\" \/>\n<meta name=\"twitter:label1\" content=\"Gesch\u00e4tzte Lesezeit\" \/>\n\t<meta name=\"twitter:data1\" content=\"3\u00a0Minuten\" \/>\n<script type=\"application\/ld+json\" class=\"yoast-schema-graph\">{\"@context\":\"https:\/\/schema.org\",\"@graph\":[{\"@type\":\"WebPage\",\"@id\":\"https:\/\/www.airos.lv\/de\/dienstleistungen\/befoerderung-gefaehrlicher-gueter-adr\/\",\"url\":\"https:\/\/www.airos.lv\/de\/dienstleistungen\/befoerderung-gefaehrlicher-gueter-adr\/\",\"name\":\"Bef\u00f6rderung gef\u00e4hrlicher G\u00fcter (ADR) - Airos lo\u0123istika\",\"isPartOf\":{\"@id\":\"https:\/\/www.airos.lv\/#website\"},\"primaryImageOfPage\":{\"@id\":\"https:\/\/www.airos.lv\/de\/dienstleistungen\/befoerderung-gefaehrlicher-gueter-adr\/#primaryimage\"},\"image\":{\"@id\":\"https:\/\/www.airos.lv\/de\/dienstleistungen\/befoerderung-gefaehrlicher-gueter-adr\/#primaryimage\"},\"thumbnailUrl\":\"https:\/\/www.airos.lv\/wp-content\/uploads\/2016\/03\/Depositphotos_1142935_original-495x400.jpg\",\"datePublished\":\"2019-06-11T10:13:52+00:00\",\"dateModified\":\"2019-07-12T11:40:35+00:00\",\"description\":\"B\u012bstamo (ADR) kravu p\u0101rvad\u0101jumi tiek veikti uz vis\u0101m Baltijas un Eiropas valst\u012bm ar liel\u0101ko r\u016bp\u012bbu un uzman\u012bbu. Pieprasiet cenu jau \u0161odien!\",\"breadcrumb\":{\"@id\":\"https:\/\/www.airos.lv\/de\/dienstleistungen\/befoerderung-gefaehrlicher-gueter-adr\/#breadcrumb\"},\"inLanguage\":\"de\",\"potentialAction\":[{\"@type\":\"ReadAction\",\"target\":[\"https:\/\/www.airos.lv\/de\/dienstleistungen\/befoerderung-gefaehrlicher-gueter-adr\/\"]}]},{\"@type\":\"ImageObject\",\"inLanguage\":\"de\",\"@id\":\"https:\/\/www.airos.lv\/de\/dienstleistungen\/befoerderung-gefaehrlicher-gueter-adr\/#primaryimage\",\"url\":\"https:\/\/www.airos.lv\/wp-content\/uploads\/2016\/03\/Depositphotos_1142935_original-495x400.jpg\",\"contentUrl\":\"https:\/\/www.airos.lv\/wp-content\/uploads\/2016\/03\/Depositphotos_1142935_original-495x400.jpg\"},{\"@type\":\"BreadcrumbList\",\"@id\":\"https:\/\/www.airos.lv\/de\/dienstleistungen\/befoerderung-gefaehrlicher-gueter-adr\/#breadcrumb\",\"itemListElement\":[{\"@type\":\"ListItem\",\"position\":1,\"name\":\"Home\",\"item\":\"https:\/\/www.airos.lv\/de\/sakums\/\"},{\"@type\":\"ListItem\",\"position\":2,\"name\":\"DIENSTLEISTUNGEN\",\"item\":\"https:\/\/www.airos.lv\/de\/dienstleistungen\/\"},{\"@type\":\"ListItem\",\"position\":3,\"name\":\"Bef\u00f6rderung gef\u00e4hrlicher G\u00fcter (ADR)\"}]},{\"@type\":\"WebSite\",\"@id\":\"https:\/\/www.airos.lv\/#website\",\"url\":\"https:\/\/www.airos.lv\/\",\"name\":\"Airos lo\u0123istika\",\"description\":\"\",\"publisher\":{\"@id\":\"https:\/\/www.airos.lv\/#organization\"},\"potentialAction\":[{\"@type\":\"SearchAction\",\"target\":{\"@type\":\"EntryPoint\",\"urlTemplate\":\"https:\/\/www.airos.lv\/?s={search_term_string}\"},\"query-input\":{\"@type\":\"PropertyValueSpecification\",\"valueRequired\":true,\"valueName\":\"search_term_string\"}}],\"inLanguage\":\"de\"},{\"@type\":\"Organization\",\"@id\":\"https:\/\/www.airos.lv\/#organization\",\"name\":\"Airos.lv\",\"url\":\"https:\/\/www.airos.lv\/\",\"logo\":{\"@type\":\"ImageObject\",\"inLanguage\":\"de\",\"@id\":\"https:\/\/www.airos.lv\/#\/schema\/logo\/image\/\",\"url\":\"https:\/\/www.airos.lv\/wp-content\/uploads\/2016\/04\/logo-gray.png\",\"contentUrl\":\"https:\/\/www.airos.lv\/wp-content\/uploads\/2016\/04\/logo-gray.png\",\"width\":300,\"height\":132,\"caption\":\"Airos.lv\"},\"image\":{\"@id\":\"https:\/\/www.airos.lv\/#\/schema\/logo\/image\/\"}}]}<\/script>\n<!-- \/ Yoast SEO plugin. -->","yoast_head_json":{"title":"Bef\u00f6rderung gef\u00e4hrlicher G\u00fcter (ADR) - Airos lo\u0123istika","description":"B\u012bstamo (ADR) kravu p\u0101rvad\u0101jumi tiek veikti uz vis\u0101m Baltijas un Eiropas valst\u012bm ar liel\u0101ko r\u016bp\u012bbu un uzman\u012bbu. Pieprasiet cenu jau \u0161odien!","robots":{"index":"index","follow":"follow","max-snippet":"max-snippet:-1","max-image-preview":"max-image-preview:large","max-video-preview":"max-video-preview:-1"},"canonical":"https:\/\/www.airos.lv\/de\/dienstleistungen\/befoerderung-gefaehrlicher-gueter-adr\/","og_locale":"de_DE","og_type":"article","og_title":"Bef\u00f6rderung gef\u00e4hrlicher G\u00fcter (ADR) - Airos lo\u0123istika","og_description":"B\u012bstamo (ADR) kravu p\u0101rvad\u0101jumi tiek veikti uz vis\u0101m Baltijas un Eiropas valst\u012bm ar liel\u0101ko r\u016bp\u012bbu un uzman\u012bbu. Pieprasiet cenu jau \u0161odien!","og_url":"https:\/\/www.airos.lv\/de\/dienstleistungen\/befoerderung-gefaehrlicher-gueter-adr\/","og_site_name":"Airos lo\u0123istika","article_modified_time":"2019-07-12T11:40:35+00:00","og_image":[{"url":"https:\/\/www.airos.lv\/wp-content\/uploads\/2016\/03\/Depositphotos_1142935_original-495x400.jpg","type":"","width":"","height":""}],"twitter_card":"summary_large_image","twitter_misc":{"Gesch\u00e4tzte Lesezeit":"3\u00a0Minuten"},"schema":{"@context":"https:\/\/schema.org","@graph":[{"@type":"WebPage","@id":"https:\/\/www.airos.lv\/de\/dienstleistungen\/befoerderung-gefaehrlicher-gueter-adr\/","url":"https:\/\/www.airos.lv\/de\/dienstleistungen\/befoerderung-gefaehrlicher-gueter-adr\/","name":"Bef\u00f6rderung gef\u00e4hrlicher G\u00fcter (ADR) - Airos lo\u0123istika","isPartOf":{"@id":"https:\/\/www.airos.lv\/#website"},"primaryImageOfPage":{"@id":"https:\/\/www.airos.lv\/de\/dienstleistungen\/befoerderung-gefaehrlicher-gueter-adr\/#primaryimage"},"image":{"@id":"https:\/\/www.airos.lv\/de\/dienstleistungen\/befoerderung-gefaehrlicher-gueter-adr\/#primaryimage"},"thumbnailUrl":"https:\/\/www.airos.lv\/wp-content\/uploads\/2016\/03\/Depositphotos_1142935_original-495x400.jpg","datePublished":"2019-06-11T10:13:52+00:00","dateModified":"2019-07-12T11:40:35+00:00","description":"B\u012bstamo (ADR) kravu p\u0101rvad\u0101jumi tiek veikti uz vis\u0101m Baltijas un Eiropas valst\u012bm ar liel\u0101ko r\u016bp\u012bbu un uzman\u012bbu. Pieprasiet cenu jau \u0161odien!","breadcrumb":{"@id":"https:\/\/www.airos.lv\/de\/dienstleistungen\/befoerderung-gefaehrlicher-gueter-adr\/#breadcrumb"},"inLanguage":"de","potentialAction":[{"@type":"ReadAction","target":["https:\/\/www.airos.lv\/de\/dienstleistungen\/befoerderung-gefaehrlicher-gueter-adr\/"]}]},{"@type":"ImageObject","inLanguage":"de","@id":"https:\/\/www.airos.lv\/de\/dienstleistungen\/befoerderung-gefaehrlicher-gueter-adr\/#primaryimage","url":"https:\/\/www.airos.lv\/wp-content\/uploads\/2016\/03\/Depositphotos_1142935_original-495x400.jpg","contentUrl":"https:\/\/www.airos.lv\/wp-content\/uploads\/2016\/03\/Depositphotos_1142935_original-495x400.jpg"},{"@type":"BreadcrumbList","@id":"https:\/\/www.airos.lv\/de\/dienstleistungen\/befoerderung-gefaehrlicher-gueter-adr\/#breadcrumb","itemListElement":[{"@type":"ListItem","position":1,"name":"Home","item":"https:\/\/www.airos.lv\/de\/sakums\/"},{"@type":"ListItem","position":2,"name":"DIENSTLEISTUNGEN","item":"https:\/\/www.airos.lv\/de\/dienstleistungen\/"},{"@type":"ListItem","position":3,"name":"Bef\u00f6rderung gef\u00e4hrlicher G\u00fcter (ADR)"}]},{"@type":"WebSite","@id":"https:\/\/www.airos.lv\/#website","url":"https:\/\/www.airos.lv\/","name":"Airos lo\u0123istika","description":"","publisher":{"@id":"https:\/\/www.airos.lv\/#organization"},"potentialAction":[{"@type":"SearchAction","target":{"@type":"EntryPoint","urlTemplate":"https:\/\/www.airos.lv\/?s={search_term_string}"},"query-input":{"@type":"PropertyValueSpecification","valueRequired":true,"valueName":"search_term_string"}}],"inLanguage":"de"},{"@type":"Organization","@id":"https:\/\/www.airos.lv\/#organization","name":"Airos.lv","url":"https:\/\/www.airos.lv\/","logo":{"@type":"ImageObject","inLanguage":"de","@id":"https:\/\/www.airos.lv\/#\/schema\/logo\/image\/","url":"https:\/\/www.airos.lv\/wp-content\/uploads\/2016\/04\/logo-gray.png","contentUrl":"https:\/\/www.airos.lv\/wp-content\/uploads\/2016\/04\/logo-gray.png","width":300,"height":132,"caption":"Airos.lv"},"image":{"@id":"https:\/\/www.airos.lv\/#\/schema\/logo\/image\/"}}]}},"_links":{"self":[{"href":"https:\/\/www.airos.lv\/de\/wp-json\/wp\/v2\/pages\/1070","targetHints":{"allow":["GET"]}}],"collection":[{"href":"https:\/\/www.airos.lv\/de\/wp-json\/wp\/v2\/pages"}],"about":[{"href":"https:\/\/www.airos.lv\/de\/wp-json\/wp\/v2\/types\/page"}],"author":[{"embeddable":true,"href":"https:\/\/www.airos.lv\/de\/wp-json\/wp\/v2\/users\/2"}],"replies":[{"embeddable":true,"href":"https:\/\/www.airos.lv\/de\/wp-json\/wp\/v2\/comments?post=1070"}],"version-history":[{"count":3,"href":"https:\/\/www.airos.lv\/de\/wp-json\/wp\/v2\/pages\/1070\/revisions"}],"predecessor-version":[{"id":1160,"href":"https:\/\/www.airos.lv\/de\/wp-json\/wp\/v2\/pages\/1070\/revisions\/1160"}],"up":[{"embeddable":true,"href":"https:\/\/www.airos.lv\/de\/wp-json\/wp\/v2\/pages\/406"}],"wp:attachment":[{"href":"https:\/\/www.airos.lv\/de\/wp-json\/wp\/v2\/media?parent=1070"}],"curies":[{"name":"wp","href":"https:\/\/api.w.org\/{rel}","templated":true}]}}