{"id":1069,"date":"2019-06-11T10:15:35","date_gmt":"2019-06-11T10:15:35","guid":{"rendered":"https:\/\/www.airos.lv\/transporta-pakalpojumi\/refrizeratoru-kravu-parvadajumi\/"},"modified":"2019-07-12T11:40:33","modified_gmt":"2019-07-12T11:40:33","slug":"befoerderung-gekuehlter-gueter","status":"publish","type":"page","link":"https:\/\/www.airos.lv\/de\/dienstleistungen\/befoerderung-gekuehlter-gueter\/","title":{"rendered":"Bef\u00f6rderung gek\u00fchlter G\u00fcter"},"content":{"rendered":"<div id='av_section_1'  class='avia-section av-jwrmx01v-107f1fbd3b4ebbcaf69d349388fb6a26 main_color avia-section-default avia-no-border-styling  avia-builder-el-0  avia-builder-el-no-sibling  avia-bg-style-scroll container_wrap fullsize'  ><div class='container av-section-cont-open' ><main  role=\"main\" itemprop=\"mainContentOfPage\"  class='template-page content  av-content-full alpha units'><div class='post-entry post-entry-type-page post-entry-1069'><div class='entry-content-wrapper clearfix'>\n\n<style type=\"text\/css\" data-created_by=\"avia_inline_auto\" id=\"style-css-av-g5hh6-ff4c9deb0002c13e15aa7a5dcd420382\">\n.flex_column.av-g5hh6-ff4c9deb0002c13e15aa7a5dcd420382{\nborder-radius:0px 0px 0px 0px;\npadding:0px 0px 0px 0px;\n}\n<\/style>\n<div  class='flex_column av-g5hh6-ff4c9deb0002c13e15aa7a5dcd420382 av_one_half  avia-builder-el-1  el_before_av_one_half  avia-builder-el-first  first flex_column_div av-zero-column-padding  '     ><section  class='av_textblock_section av-jwrnfttg-6c938c318a8ed3ee17174fa1bdaa3e0e '   itemscope=\"itemscope\" itemtype=\"https:\/\/schema.org\/CreativeWork\" ><div class='avia_textblock'  itemprop=\"text\" ><h1>Bef\u00f6rderung gek\u00fchlter G\u00fcter<\/h1>\n<p><strong>Die Bef\u00f6rderung gek\u00fchlter G\u00fcter wird eingesetzt, wenn die bef\u00f6rderte Ladung empfindlich auf Temperaturschwankungen reagiert.<\/strong><\/p>\n<p>Die Bef\u00f6rderung gek\u00fchlter G\u00fcter wird in der Lebensmittelindustrie am h\u00e4ufigsten verwendet, wenn gefrorene oder gek\u00fchlte Produkte sowie Produkte, die bei einer bestimmten Temperatur gelagert werden, wie beispielsweise Wein, transportiert werden m\u00fcssen. Wir bieten auch beheizte Ladungen an, damit die Produkte im Winter nicht einfrieren.<\/p>\n<p>Der Vorteil von AIROS ist, dass wir auch schnelle Sammelbef\u00f6rderungen gek\u00fchlter G\u00fcter anbieten k\u00f6nnen.<\/p>\n<p>Mit AIROS k\u00f6nnen Sie immer sicher sein, dass Ihre Ladung an den Bestimmungsort schnell ankommt und die hohe Qualit\u00e4t beibeh\u00e4lt.<\/p>\n<\/div><\/section><\/div>\n<style type=\"text\/css\" data-created_by=\"avia_inline_auto\" id=\"style-css-av-aad62-6cb480195f7fc2f0280236b77662212a\">\n.flex_column.av-aad62-6cb480195f7fc2f0280236b77662212a{\nborder-radius:0px 0px 0px 0px;\npadding:0px 0px 0px 0px;\n}\n<\/style>\n<div  class='flex_column av-aad62-6cb480195f7fc2f0280236b77662212a av_one_half  avia-builder-el-3  el_after_av_one_half  el_before_av_button  flex_column_div av-zero-column-padding  '     ><section  class='av_textblock_section av-jx36mvhz-4a5d1c94e81a8fe114d3ee5bfd8c28b8 '   itemscope=\"itemscope\" itemtype=\"https:\/\/schema.org\/CreativeWork\" ><div class='avia_textblock'  itemprop=\"text\" ><p><img loading=\"lazy\" decoding=\"async\" class=\"size-portfolio wp-image-193\" src=\"https:\/\/www.airos.lv\/wp-content\/uploads\/2016\/03\/semi-trailer-refrigerator-semi-trailerLAMBERET-THERMO-KING-SL-400-DOPPELSHTOK-1_big-15021013003562739900-495x400.jpg\" alt=\"\" width=\"495\" height=\"400\" srcset=\"https:\/\/www.airos.lv\/wp-content\/uploads\/2016\/03\/semi-trailer-refrigerator-semi-trailerLAMBERET-THERMO-KING-SL-400-DOPPELSHTOK-1_big-15021013003562739900-495x400.jpg 495w, https:\/\/www.airos.lv\/wp-content\/uploads\/2016\/03\/semi-trailer-refrigerator-semi-trailerLAMBERET-THERMO-KING-SL-400-DOPPELSHTOK-1_big-15021013003562739900-845x684.jpg 845w\" sizes=\"auto, (max-width: 495px) 100vw, 495px\" \/><\/p>\n<\/div><\/section><\/div><div  class='avia-button-wrap av-jx3akbcj-0a943b7606f25e54936d0ff7033323d3-wrap avia-button-center  avia-builder-el-5  el_after_av_one_half  avia-builder-el-last '>\n<style type=\"text\/css\" data-created_by=\"avia_inline_auto\" id=\"style-css-av-jx3akbcj-0a943b7606f25e54936d0ff7033323d3\">\n#top #wrap_all .avia-button.av-jx3akbcj-0a943b7606f25e54936d0ff7033323d3{\nbackground-color:#1fa00e;\nborder-color:#1fa00e;\ncolor:#ffffff;\ntransition:all 0.4s ease-in-out;\n}\n<\/style>\n<a href='https:\/\/www.airos.lv\/de\/preisanfrage\/'  class='avia-button av-jx3akbcj-0a943b7606f25e54936d0ff7033323d3 avia-icon_select-yes-right-icon avia-size-x-large avia-position-center av-icon-on-hover'  ><span class='avia_iconbox_title' >Preisanfrage<\/span><span class='avia_button_icon avia_button_icon_right' aria-hidden='true' data-av_icon='\ue879' data-av_iconfont='entypo-fontello'><\/span><\/a><\/div>\n\n","protected":false},"excerpt":{"rendered":"","protected":false},"author":2,"featured_media":0,"parent":406,"menu_order":4,"comment_status":"closed","ping_status":"closed","template":"","meta":{"_acf_changed":false,"footnotes":""},"class_list":["post-1069","page","type-page","status-publish","hentry"],"acf":[],"yoast_head":"<!-- This site is optimized with the Yoast SEO plugin v27.3 - https:\/\/yoast.com\/product\/yoast-seo-wordpress\/ -->\n<title>Bef\u00f6rderung gek\u00fchlter G\u00fcter - Airos lo\u0123istika<\/title>\n<meta name=\"robots\" content=\"index, follow, max-snippet:-1, max-image-preview:large, max-video-preview:-1\" \/>\n<link rel=\"canonical\" href=\"https:\/\/www.airos.lv\/de\/dienstleistungen\/befoerderung-gekuehlter-gueter\/\" \/>\n<meta property=\"og:locale\" content=\"de_DE\" \/>\n<meta property=\"og:type\" content=\"article\" \/>\n<meta property=\"og:title\" content=\"Bef\u00f6rderung gek\u00fchlter G\u00fcter - Airos lo\u0123istika\" \/>\n<meta property=\"og:url\" content=\"https:\/\/www.airos.lv\/de\/dienstleistungen\/befoerderung-gekuehlter-gueter\/\" \/>\n<meta property=\"og:site_name\" content=\"Airos lo\u0123istika\" \/>\n<meta property=\"article:modified_time\" content=\"2019-07-12T11:40:33+00:00\" \/>\n<meta property=\"og:image\" content=\"https:\/\/www.airos.lv\/wp-content\/uploads\/2016\/03\/semi-trailer-refrigerator-semi-trailerLAMBERET-THERMO-KING-SL-400-DOPPELSHTOK-1_big-15021013003562739900-495x400.jpg\" \/>\n<meta name=\"twitter:card\" content=\"summary_large_image\" \/>\n<meta name=\"twitter:label1\" content=\"Gesch\u00e4tzte Lesezeit\" \/>\n\t<meta name=\"twitter:data1\" content=\"3\u00a0Minuten\" \/>\n<script type=\"application\/ld+json\" class=\"yoast-schema-graph\">{\"@context\":\"https:\\\/\\\/schema.org\",\"@graph\":[{\"@type\":\"WebPage\",\"@id\":\"https:\\\/\\\/www.airos.lv\\\/de\\\/dienstleistungen\\\/befoerderung-gekuehlter-gueter\\\/\",\"url\":\"https:\\\/\\\/www.airos.lv\\\/de\\\/dienstleistungen\\\/befoerderung-gekuehlter-gueter\\\/\",\"name\":\"Bef\u00f6rderung gek\u00fchlter G\u00fcter - Airos lo\u0123istika\",\"isPartOf\":{\"@id\":\"https:\\\/\\\/www.airos.lv\\\/#website\"},\"primaryImageOfPage\":{\"@id\":\"https:\\\/\\\/www.airos.lv\\\/de\\\/dienstleistungen\\\/befoerderung-gekuehlter-gueter\\\/#primaryimage\"},\"image\":{\"@id\":\"https:\\\/\\\/www.airos.lv\\\/de\\\/dienstleistungen\\\/befoerderung-gekuehlter-gueter\\\/#primaryimage\"},\"thumbnailUrl\":\"https:\\\/\\\/www.airos.lv\\\/wp-content\\\/uploads\\\/2016\\\/03\\\/semi-trailer-refrigerator-semi-trailerLAMBERET-THERMO-KING-SL-400-DOPPELSHTOK-1_big-15021013003562739900-495x400.jpg\",\"datePublished\":\"2019-06-11T10:15:35+00:00\",\"dateModified\":\"2019-07-12T11:40:33+00:00\",\"breadcrumb\":{\"@id\":\"https:\\\/\\\/www.airos.lv\\\/de\\\/dienstleistungen\\\/befoerderung-gekuehlter-gueter\\\/#breadcrumb\"},\"inLanguage\":\"de\",\"potentialAction\":[{\"@type\":\"ReadAction\",\"target\":[\"https:\\\/\\\/www.airos.lv\\\/de\\\/dienstleistungen\\\/befoerderung-gekuehlter-gueter\\\/\"]}]},{\"@type\":\"ImageObject\",\"inLanguage\":\"de\",\"@id\":\"https:\\\/\\\/www.airos.lv\\\/de\\\/dienstleistungen\\\/befoerderung-gekuehlter-gueter\\\/#primaryimage\",\"url\":\"https:\\\/\\\/www.airos.lv\\\/wp-content\\\/uploads\\\/2016\\\/03\\\/semi-trailer-refrigerator-semi-trailerLAMBERET-THERMO-KING-SL-400-DOPPELSHTOK-1_big-15021013003562739900-495x400.jpg\",\"contentUrl\":\"https:\\\/\\\/www.airos.lv\\\/wp-content\\\/uploads\\\/2016\\\/03\\\/semi-trailer-refrigerator-semi-trailerLAMBERET-THERMO-KING-SL-400-DOPPELSHTOK-1_big-15021013003562739900-495x400.jpg\"},{\"@type\":\"BreadcrumbList\",\"@id\":\"https:\\\/\\\/www.airos.lv\\\/de\\\/dienstleistungen\\\/befoerderung-gekuehlter-gueter\\\/#breadcrumb\",\"itemListElement\":[{\"@type\":\"ListItem\",\"position\":1,\"name\":\"Home\",\"item\":\"https:\\\/\\\/www.airos.lv\\\/de\\\/sakums\\\/\"},{\"@type\":\"ListItem\",\"position\":2,\"name\":\"DIENSTLEISTUNGEN\",\"item\":\"https:\\\/\\\/www.airos.lv\\\/de\\\/dienstleistungen\\\/\"},{\"@type\":\"ListItem\",\"position\":3,\"name\":\"Bef\u00f6rderung gek\u00fchlter G\u00fcter\"}]},{\"@type\":\"WebSite\",\"@id\":\"https:\\\/\\\/www.airos.lv\\\/#website\",\"url\":\"https:\\\/\\\/www.airos.lv\\\/\",\"name\":\"Airos lo\u0123istika\",\"description\":\"\",\"publisher\":{\"@id\":\"https:\\\/\\\/www.airos.lv\\\/#organization\"},\"potentialAction\":[{\"@type\":\"SearchAction\",\"target\":{\"@type\":\"EntryPoint\",\"urlTemplate\":\"https:\\\/\\\/www.airos.lv\\\/?s={search_term_string}\"},\"query-input\":{\"@type\":\"PropertyValueSpecification\",\"valueRequired\":true,\"valueName\":\"search_term_string\"}}],\"inLanguage\":\"de\"},{\"@type\":\"Organization\",\"@id\":\"https:\\\/\\\/www.airos.lv\\\/#organization\",\"name\":\"Airos.lv\",\"url\":\"https:\\\/\\\/www.airos.lv\\\/\",\"logo\":{\"@type\":\"ImageObject\",\"inLanguage\":\"de\",\"@id\":\"https:\\\/\\\/www.airos.lv\\\/#\\\/schema\\\/logo\\\/image\\\/\",\"url\":\"https:\\\/\\\/www.airos.lv\\\/wp-content\\\/uploads\\\/2016\\\/04\\\/logo-gray.png\",\"contentUrl\":\"https:\\\/\\\/www.airos.lv\\\/wp-content\\\/uploads\\\/2016\\\/04\\\/logo-gray.png\",\"width\":300,\"height\":132,\"caption\":\"Airos.lv\"},\"image\":{\"@id\":\"https:\\\/\\\/www.airos.lv\\\/#\\\/schema\\\/logo\\\/image\\\/\"}}]}<\/script>\n<!-- \/ Yoast SEO plugin. -->","yoast_head_json":{"title":"Bef\u00f6rderung gek\u00fchlter G\u00fcter - Airos lo\u0123istika","robots":{"index":"index","follow":"follow","max-snippet":"max-snippet:-1","max-image-preview":"max-image-preview:large","max-video-preview":"max-video-preview:-1"},"canonical":"https:\/\/www.airos.lv\/de\/dienstleistungen\/befoerderung-gekuehlter-gueter\/","og_locale":"de_DE","og_type":"article","og_title":"Bef\u00f6rderung gek\u00fchlter G\u00fcter - Airos lo\u0123istika","og_url":"https:\/\/www.airos.lv\/de\/dienstleistungen\/befoerderung-gekuehlter-gueter\/","og_site_name":"Airos lo\u0123istika","article_modified_time":"2019-07-12T11:40:33+00:00","og_image":[{"url":"https:\/\/www.airos.lv\/wp-content\/uploads\/2016\/03\/semi-trailer-refrigerator-semi-trailerLAMBERET-THERMO-KING-SL-400-DOPPELSHTOK-1_big-15021013003562739900-495x400.jpg","type":"","width":"","height":""}],"twitter_card":"summary_large_image","twitter_misc":{"Gesch\u00e4tzte Lesezeit":"3\u00a0Minuten"},"schema":{"@context":"https:\/\/schema.org","@graph":[{"@type":"WebPage","@id":"https:\/\/www.airos.lv\/de\/dienstleistungen\/befoerderung-gekuehlter-gueter\/","url":"https:\/\/www.airos.lv\/de\/dienstleistungen\/befoerderung-gekuehlter-gueter\/","name":"Bef\u00f6rderung gek\u00fchlter G\u00fcter - Airos lo\u0123istika","isPartOf":{"@id":"https:\/\/www.airos.lv\/#website"},"primaryImageOfPage":{"@id":"https:\/\/www.airos.lv\/de\/dienstleistungen\/befoerderung-gekuehlter-gueter\/#primaryimage"},"image":{"@id":"https:\/\/www.airos.lv\/de\/dienstleistungen\/befoerderung-gekuehlter-gueter\/#primaryimage"},"thumbnailUrl":"https:\/\/www.airos.lv\/wp-content\/uploads\/2016\/03\/semi-trailer-refrigerator-semi-trailerLAMBERET-THERMO-KING-SL-400-DOPPELSHTOK-1_big-15021013003562739900-495x400.jpg","datePublished":"2019-06-11T10:15:35+00:00","dateModified":"2019-07-12T11:40:33+00:00","breadcrumb":{"@id":"https:\/\/www.airos.lv\/de\/dienstleistungen\/befoerderung-gekuehlter-gueter\/#breadcrumb"},"inLanguage":"de","potentialAction":[{"@type":"ReadAction","target":["https:\/\/www.airos.lv\/de\/dienstleistungen\/befoerderung-gekuehlter-gueter\/"]}]},{"@type":"ImageObject","inLanguage":"de","@id":"https:\/\/www.airos.lv\/de\/dienstleistungen\/befoerderung-gekuehlter-gueter\/#primaryimage","url":"https:\/\/www.airos.lv\/wp-content\/uploads\/2016\/03\/semi-trailer-refrigerator-semi-trailerLAMBERET-THERMO-KING-SL-400-DOPPELSHTOK-1_big-15021013003562739900-495x400.jpg","contentUrl":"https:\/\/www.airos.lv\/wp-content\/uploads\/2016\/03\/semi-trailer-refrigerator-semi-trailerLAMBERET-THERMO-KING-SL-400-DOPPELSHTOK-1_big-15021013003562739900-495x400.jpg"},{"@type":"BreadcrumbList","@id":"https:\/\/www.airos.lv\/de\/dienstleistungen\/befoerderung-gekuehlter-gueter\/#breadcrumb","itemListElement":[{"@type":"ListItem","position":1,"name":"Home","item":"https:\/\/www.airos.lv\/de\/sakums\/"},{"@type":"ListItem","position":2,"name":"DIENSTLEISTUNGEN","item":"https:\/\/www.airos.lv\/de\/dienstleistungen\/"},{"@type":"ListItem","position":3,"name":"Bef\u00f6rderung gek\u00fchlter G\u00fcter"}]},{"@type":"WebSite","@id":"https:\/\/www.airos.lv\/#website","url":"https:\/\/www.airos.lv\/","name":"Airos lo\u0123istika","description":"","publisher":{"@id":"https:\/\/www.airos.lv\/#organization"},"potentialAction":[{"@type":"SearchAction","target":{"@type":"EntryPoint","urlTemplate":"https:\/\/www.airos.lv\/?s={search_term_string}"},"query-input":{"@type":"PropertyValueSpecification","valueRequired":true,"valueName":"search_term_string"}}],"inLanguage":"de"},{"@type":"Organization","@id":"https:\/\/www.airos.lv\/#organization","name":"Airos.lv","url":"https:\/\/www.airos.lv\/","logo":{"@type":"ImageObject","inLanguage":"de","@id":"https:\/\/www.airos.lv\/#\/schema\/logo\/image\/","url":"https:\/\/www.airos.lv\/wp-content\/uploads\/2016\/04\/logo-gray.png","contentUrl":"https:\/\/www.airos.lv\/wp-content\/uploads\/2016\/04\/logo-gray.png","width":300,"height":132,"caption":"Airos.lv"},"image":{"@id":"https:\/\/www.airos.lv\/#\/schema\/logo\/image\/"}}]}},"_links":{"self":[{"href":"https:\/\/www.airos.lv\/de\/wp-json\/wp\/v2\/pages\/1069","targetHints":{"allow":["GET"]}}],"collection":[{"href":"https:\/\/www.airos.lv\/de\/wp-json\/wp\/v2\/pages"}],"about":[{"href":"https:\/\/www.airos.lv\/de\/wp-json\/wp\/v2\/types\/page"}],"author":[{"embeddable":true,"href":"https:\/\/www.airos.lv\/de\/wp-json\/wp\/v2\/users\/2"}],"replies":[{"embeddable":true,"href":"https:\/\/www.airos.lv\/de\/wp-json\/wp\/v2\/comments?post=1069"}],"version-history":[{"count":3,"href":"https:\/\/www.airos.lv\/de\/wp-json\/wp\/v2\/pages\/1069\/revisions"}],"predecessor-version":[{"id":1163,"href":"https:\/\/www.airos.lv\/de\/wp-json\/wp\/v2\/pages\/1069\/revisions\/1163"}],"up":[{"embeddable":true,"href":"https:\/\/www.airos.lv\/de\/wp-json\/wp\/v2\/pages\/406"}],"wp:attachment":[{"href":"https:\/\/www.airos.lv\/de\/wp-json\/wp\/v2\/media?parent=1069"}],"curies":[{"name":"wp","href":"https:\/\/api.w.org\/{rel}","templated":true}]}}