{"id":1068,"date":"2019-06-11T10:03:06","date_gmt":"2019-06-11T10:03:06","guid":{"rendered":"https:\/\/www.airos.lv\/transporta-pakalpojumi\/ekspress-kravu-parvadajumi\/"},"modified":"2019-07-12T11:40:27","modified_gmt":"2019-07-12T11:40:27","slug":"express-ladungsbefoerderungen","status":"publish","type":"page","link":"https:\/\/www.airos.lv\/de\/dienstleistungen\/express-ladungsbefoerderungen\/","title":{"rendered":"Express-Ladungsbef\u00f6rderungen"},"content":{"rendered":"<div id='av_section_1'  class='avia-section av-jwrmx01v-107f1fbd3b4ebbcaf69d349388fb6a26 main_color avia-section-default avia-no-border-styling  avia-builder-el-0  avia-builder-el-no-sibling  avia-bg-style-scroll container_wrap fullsize'  ><div class='container av-section-cont-open' ><main  role=\"main\" itemprop=\"mainContentOfPage\"  class='template-page content  av-content-full alpha units'><div class='post-entry post-entry-type-page post-entry-1068'><div class='entry-content-wrapper clearfix'>\n\n<style type=\"text\/css\" data-created_by=\"avia_inline_auto\" id=\"style-css-av-f2h5f-0e9604ed235517c9c72eaa2c7584dfb5\">\n.flex_column.av-f2h5f-0e9604ed235517c9c72eaa2c7584dfb5{\nborder-radius:0px 0px 0px 0px;\npadding:0px 0px 0px 0px;\n}\n<\/style>\n<div  class='flex_column av-f2h5f-0e9604ed235517c9c72eaa2c7584dfb5 av_one_half  avia-builder-el-1  el_before_av_one_half  avia-builder-el-first  first flex_column_div av-zero-column-padding  '     ><section  class='av_textblock_section av-jwrmywhr-18bd80c32a9264a49294a8c5792fa59f '   itemscope=\"itemscope\" itemtype=\"https:\/\/schema.org\/CreativeWork\" ><div class='avia_textblock'  itemprop=\"text\" ><h1>Express-Ladungsbef\u00f6rderungen<\/h1>\n<p><strong>Es gibt F\u00e4lle, wenn die Zustellung einer Ladung nicht f\u00fcr sp\u00e4ter verschoben werden kann und das Ziel so schnell wie m\u00f6glich erreicht werden muss. In diesen F\u00e4llen werden Express-Ladungsbef\u00f6rderungen verwendet.<\/strong><\/p>\n<p>Die Express-Ladungsbef\u00f6rderungen von AIROS werden mit Ladungsmikrobussen durchgef\u00fchrt, die die Sendung des Kunden schneller als die Standardfrachtzustellung an den Bestimmungsort liefern. Mit den Express-Ladungsbef\u00f6rderungen kann die Sendung des Kunden an einen beliebigen Bestimmungsort geliefert werden, sei es an Messen, in dringenden Produktionsprozessen oder in anderen dringenden F\u00e4llen.<\/p>\n<p>F\u00fcr uns ist es wichtig, dass der AIROS-Kunde immer sicher ist, dass die Ladung so schnell wie m\u00f6glich und ohne Komplikationen an den gew\u00fcnschten Ort ankommt. Sie werden von Ihrem pers\u00f6nlichen AIROS-Manager immer \u00fcber alle Phasen der Frachtzustellung informiert.<\/p>\n<\/div><\/section><\/div>\n<style type=\"text\/css\" data-created_by=\"avia_inline_auto\" id=\"style-css-av-9surf-538ecd03cbedc200b3c0eb37d72a152a\">\n.flex_column.av-9surf-538ecd03cbedc200b3c0eb37d72a152a{\nborder-radius:0px 0px 0px 0px;\npadding:0px 0px 0px 0px;\n}\n<\/style>\n<div  class='flex_column av-9surf-538ecd03cbedc200b3c0eb37d72a152a av_one_half  avia-builder-el-3  el_after_av_one_half  el_before_av_button  flex_column_div av-zero-column-padding  '     ><section  class='av_textblock_section av-jx36ephr-db1089ab2641402ab35e0d6728ca45aa '   itemscope=\"itemscope\" itemtype=\"https:\/\/schema.org\/CreativeWork\" ><div class='avia_textblock'  itemprop=\"text\" ><p><img loading=\"lazy\" decoding=\"async\" class=\"size-portfolio wp-image-190 aligncenter\" src=\"https:\/\/www.airos.lv\/wp-content\/uploads\/2016\/03\/slider-van-495x400.jpg\" alt=\"\" width=\"495\" height=\"400\" \/><\/p>\n<\/div><\/section><\/div><div  class='avia-button-wrap av-jx3akbcj-0a943b7606f25e54936d0ff7033323d3-wrap avia-button-center  avia-builder-el-5  el_after_av_one_half  avia-builder-el-last '>\n<style type=\"text\/css\" data-created_by=\"avia_inline_auto\" id=\"style-css-av-jx3akbcj-0a943b7606f25e54936d0ff7033323d3\">\n#top #wrap_all .avia-button.av-jx3akbcj-0a943b7606f25e54936d0ff7033323d3{\nbackground-color:#1fa00e;\nborder-color:#1fa00e;\ncolor:#ffffff;\ntransition:all 0.4s ease-in-out;\n}\n<\/style>\n<a href='https:\/\/www.airos.lv\/de\/preisanfrage\/'  class='avia-button av-jx3akbcj-0a943b7606f25e54936d0ff7033323d3 avia-icon_select-yes-right-icon avia-size-x-large avia-position-center av-icon-on-hover'  ><span class='avia_iconbox_title' >Preisanfrage<\/span><span class='avia_button_icon avia_button_icon_right' aria-hidden='true' data-av_icon='\ue879' data-av_iconfont='entypo-fontello'><\/span><\/a><\/div>\n\n","protected":false},"excerpt":{"rendered":"","protected":false},"author":2,"featured_media":0,"parent":406,"menu_order":3,"comment_status":"closed","ping_status":"closed","template":"","meta":{"_acf_changed":false,"footnotes":""},"class_list":["post-1068","page","type-page","status-publish","hentry"],"acf":[],"yoast_head":"<!-- This site is optimized with the Yoast SEO plugin v27.3 - https:\/\/yoast.com\/product\/yoast-seo-wordpress\/ -->\n<title>Express-Ladungsbef\u00f6rderungen - Airos lo\u0123istika<\/title>\n<meta name=\"robots\" content=\"index, follow, max-snippet:-1, max-image-preview:large, max-video-preview:-1\" \/>\n<link rel=\"canonical\" href=\"https:\/\/www.airos.lv\/de\/dienstleistungen\/express-ladungsbefoerderungen\/\" \/>\n<meta property=\"og:locale\" content=\"de_DE\" \/>\n<meta property=\"og:type\" content=\"article\" \/>\n<meta property=\"og:title\" content=\"Express-Ladungsbef\u00f6rderungen - Airos lo\u0123istika\" \/>\n<meta property=\"og:url\" content=\"https:\/\/www.airos.lv\/de\/dienstleistungen\/express-ladungsbefoerderungen\/\" \/>\n<meta property=\"og:site_name\" content=\"Airos lo\u0123istika\" \/>\n<meta property=\"article:modified_time\" content=\"2019-07-12T11:40:27+00:00\" \/>\n<meta property=\"og:image\" content=\"https:\/\/www.airos.lv\/wp-content\/uploads\/2016\/03\/slider-van-495x400.jpg\" \/>\n<meta name=\"twitter:card\" content=\"summary_large_image\" \/>\n<meta name=\"twitter:label1\" content=\"Gesch\u00e4tzte Lesezeit\" \/>\n\t<meta name=\"twitter:data1\" content=\"3\u00a0Minuten\" \/>\n<script type=\"application\/ld+json\" class=\"yoast-schema-graph\">{\"@context\":\"https:\\\/\\\/schema.org\",\"@graph\":[{\"@type\":\"WebPage\",\"@id\":\"https:\\\/\\\/www.airos.lv\\\/de\\\/dienstleistungen\\\/express-ladungsbefoerderungen\\\/\",\"url\":\"https:\\\/\\\/www.airos.lv\\\/de\\\/dienstleistungen\\\/express-ladungsbefoerderungen\\\/\",\"name\":\"Express-Ladungsbef\u00f6rderungen - Airos lo\u0123istika\",\"isPartOf\":{\"@id\":\"https:\\\/\\\/www.airos.lv\\\/#website\"},\"primaryImageOfPage\":{\"@id\":\"https:\\\/\\\/www.airos.lv\\\/de\\\/dienstleistungen\\\/express-ladungsbefoerderungen\\\/#primaryimage\"},\"image\":{\"@id\":\"https:\\\/\\\/www.airos.lv\\\/de\\\/dienstleistungen\\\/express-ladungsbefoerderungen\\\/#primaryimage\"},\"thumbnailUrl\":\"https:\\\/\\\/www.airos.lv\\\/wp-content\\\/uploads\\\/2016\\\/03\\\/slider-van-495x400.jpg\",\"datePublished\":\"2019-06-11T10:03:06+00:00\",\"dateModified\":\"2019-07-12T11:40:27+00:00\",\"breadcrumb\":{\"@id\":\"https:\\\/\\\/www.airos.lv\\\/de\\\/dienstleistungen\\\/express-ladungsbefoerderungen\\\/#breadcrumb\"},\"inLanguage\":\"de\",\"potentialAction\":[{\"@type\":\"ReadAction\",\"target\":[\"https:\\\/\\\/www.airos.lv\\\/de\\\/dienstleistungen\\\/express-ladungsbefoerderungen\\\/\"]}]},{\"@type\":\"ImageObject\",\"inLanguage\":\"de\",\"@id\":\"https:\\\/\\\/www.airos.lv\\\/de\\\/dienstleistungen\\\/express-ladungsbefoerderungen\\\/#primaryimage\",\"url\":\"https:\\\/\\\/www.airos.lv\\\/wp-content\\\/uploads\\\/2016\\\/03\\\/slider-van-495x400.jpg\",\"contentUrl\":\"https:\\\/\\\/www.airos.lv\\\/wp-content\\\/uploads\\\/2016\\\/03\\\/slider-van-495x400.jpg\"},{\"@type\":\"BreadcrumbList\",\"@id\":\"https:\\\/\\\/www.airos.lv\\\/de\\\/dienstleistungen\\\/express-ladungsbefoerderungen\\\/#breadcrumb\",\"itemListElement\":[{\"@type\":\"ListItem\",\"position\":1,\"name\":\"Home\",\"item\":\"https:\\\/\\\/www.airos.lv\\\/de\\\/sakums\\\/\"},{\"@type\":\"ListItem\",\"position\":2,\"name\":\"DIENSTLEISTUNGEN\",\"item\":\"https:\\\/\\\/www.airos.lv\\\/de\\\/dienstleistungen\\\/\"},{\"@type\":\"ListItem\",\"position\":3,\"name\":\"Express-Ladungsbef\u00f6rderungen\"}]},{\"@type\":\"WebSite\",\"@id\":\"https:\\\/\\\/www.airos.lv\\\/#website\",\"url\":\"https:\\\/\\\/www.airos.lv\\\/\",\"name\":\"Airos lo\u0123istika\",\"description\":\"\",\"publisher\":{\"@id\":\"https:\\\/\\\/www.airos.lv\\\/#organization\"},\"potentialAction\":[{\"@type\":\"SearchAction\",\"target\":{\"@type\":\"EntryPoint\",\"urlTemplate\":\"https:\\\/\\\/www.airos.lv\\\/?s={search_term_string}\"},\"query-input\":{\"@type\":\"PropertyValueSpecification\",\"valueRequired\":true,\"valueName\":\"search_term_string\"}}],\"inLanguage\":\"de\"},{\"@type\":\"Organization\",\"@id\":\"https:\\\/\\\/www.airos.lv\\\/#organization\",\"name\":\"Airos.lv\",\"url\":\"https:\\\/\\\/www.airos.lv\\\/\",\"logo\":{\"@type\":\"ImageObject\",\"inLanguage\":\"de\",\"@id\":\"https:\\\/\\\/www.airos.lv\\\/#\\\/schema\\\/logo\\\/image\\\/\",\"url\":\"https:\\\/\\\/www.airos.lv\\\/wp-content\\\/uploads\\\/2016\\\/04\\\/logo-gray.png\",\"contentUrl\":\"https:\\\/\\\/www.airos.lv\\\/wp-content\\\/uploads\\\/2016\\\/04\\\/logo-gray.png\",\"width\":300,\"height\":132,\"caption\":\"Airos.lv\"},\"image\":{\"@id\":\"https:\\\/\\\/www.airos.lv\\\/#\\\/schema\\\/logo\\\/image\\\/\"}}]}<\/script>\n<!-- \/ Yoast SEO plugin. -->","yoast_head_json":{"title":"Express-Ladungsbef\u00f6rderungen - Airos lo\u0123istika","robots":{"index":"index","follow":"follow","max-snippet":"max-snippet:-1","max-image-preview":"max-image-preview:large","max-video-preview":"max-video-preview:-1"},"canonical":"https:\/\/www.airos.lv\/de\/dienstleistungen\/express-ladungsbefoerderungen\/","og_locale":"de_DE","og_type":"article","og_title":"Express-Ladungsbef\u00f6rderungen - Airos lo\u0123istika","og_url":"https:\/\/www.airos.lv\/de\/dienstleistungen\/express-ladungsbefoerderungen\/","og_site_name":"Airos lo\u0123istika","article_modified_time":"2019-07-12T11:40:27+00:00","og_image":[{"url":"https:\/\/www.airos.lv\/wp-content\/uploads\/2016\/03\/slider-van-495x400.jpg","type":"","width":"","height":""}],"twitter_card":"summary_large_image","twitter_misc":{"Gesch\u00e4tzte Lesezeit":"3\u00a0Minuten"},"schema":{"@context":"https:\/\/schema.org","@graph":[{"@type":"WebPage","@id":"https:\/\/www.airos.lv\/de\/dienstleistungen\/express-ladungsbefoerderungen\/","url":"https:\/\/www.airos.lv\/de\/dienstleistungen\/express-ladungsbefoerderungen\/","name":"Express-Ladungsbef\u00f6rderungen - Airos lo\u0123istika","isPartOf":{"@id":"https:\/\/www.airos.lv\/#website"},"primaryImageOfPage":{"@id":"https:\/\/www.airos.lv\/de\/dienstleistungen\/express-ladungsbefoerderungen\/#primaryimage"},"image":{"@id":"https:\/\/www.airos.lv\/de\/dienstleistungen\/express-ladungsbefoerderungen\/#primaryimage"},"thumbnailUrl":"https:\/\/www.airos.lv\/wp-content\/uploads\/2016\/03\/slider-van-495x400.jpg","datePublished":"2019-06-11T10:03:06+00:00","dateModified":"2019-07-12T11:40:27+00:00","breadcrumb":{"@id":"https:\/\/www.airos.lv\/de\/dienstleistungen\/express-ladungsbefoerderungen\/#breadcrumb"},"inLanguage":"de","potentialAction":[{"@type":"ReadAction","target":["https:\/\/www.airos.lv\/de\/dienstleistungen\/express-ladungsbefoerderungen\/"]}]},{"@type":"ImageObject","inLanguage":"de","@id":"https:\/\/www.airos.lv\/de\/dienstleistungen\/express-ladungsbefoerderungen\/#primaryimage","url":"https:\/\/www.airos.lv\/wp-content\/uploads\/2016\/03\/slider-van-495x400.jpg","contentUrl":"https:\/\/www.airos.lv\/wp-content\/uploads\/2016\/03\/slider-van-495x400.jpg"},{"@type":"BreadcrumbList","@id":"https:\/\/www.airos.lv\/de\/dienstleistungen\/express-ladungsbefoerderungen\/#breadcrumb","itemListElement":[{"@type":"ListItem","position":1,"name":"Home","item":"https:\/\/www.airos.lv\/de\/sakums\/"},{"@type":"ListItem","position":2,"name":"DIENSTLEISTUNGEN","item":"https:\/\/www.airos.lv\/de\/dienstleistungen\/"},{"@type":"ListItem","position":3,"name":"Express-Ladungsbef\u00f6rderungen"}]},{"@type":"WebSite","@id":"https:\/\/www.airos.lv\/#website","url":"https:\/\/www.airos.lv\/","name":"Airos lo\u0123istika","description":"","publisher":{"@id":"https:\/\/www.airos.lv\/#organization"},"potentialAction":[{"@type":"SearchAction","target":{"@type":"EntryPoint","urlTemplate":"https:\/\/www.airos.lv\/?s={search_term_string}"},"query-input":{"@type":"PropertyValueSpecification","valueRequired":true,"valueName":"search_term_string"}}],"inLanguage":"de"},{"@type":"Organization","@id":"https:\/\/www.airos.lv\/#organization","name":"Airos.lv","url":"https:\/\/www.airos.lv\/","logo":{"@type":"ImageObject","inLanguage":"de","@id":"https:\/\/www.airos.lv\/#\/schema\/logo\/image\/","url":"https:\/\/www.airos.lv\/wp-content\/uploads\/2016\/04\/logo-gray.png","contentUrl":"https:\/\/www.airos.lv\/wp-content\/uploads\/2016\/04\/logo-gray.png","width":300,"height":132,"caption":"Airos.lv"},"image":{"@id":"https:\/\/www.airos.lv\/#\/schema\/logo\/image\/"}}]}},"_links":{"self":[{"href":"https:\/\/www.airos.lv\/de\/wp-json\/wp\/v2\/pages\/1068","targetHints":{"allow":["GET"]}}],"collection":[{"href":"https:\/\/www.airos.lv\/de\/wp-json\/wp\/v2\/pages"}],"about":[{"href":"https:\/\/www.airos.lv\/de\/wp-json\/wp\/v2\/types\/page"}],"author":[{"embeddable":true,"href":"https:\/\/www.airos.lv\/de\/wp-json\/wp\/v2\/users\/2"}],"replies":[{"embeddable":true,"href":"https:\/\/www.airos.lv\/de\/wp-json\/wp\/v2\/comments?post=1068"}],"version-history":[{"count":3,"href":"https:\/\/www.airos.lv\/de\/wp-json\/wp\/v2\/pages\/1068\/revisions"}],"predecessor-version":[{"id":1159,"href":"https:\/\/www.airos.lv\/de\/wp-json\/wp\/v2\/pages\/1068\/revisions\/1159"}],"up":[{"embeddable":true,"href":"https:\/\/www.airos.lv\/de\/wp-json\/wp\/v2\/pages\/406"}],"wp:attachment":[{"href":"https:\/\/www.airos.lv\/de\/wp-json\/wp\/v2\/media?parent=1068"}],"curies":[{"name":"wp","href":"https:\/\/api.w.org\/{rel}","templated":true}]}}