{"id":1067,"date":"2019-06-10T16:32:40","date_gmt":"2019-06-10T16:32:40","guid":{"rendered":"https:\/\/www.airos.lv\/transporta-pakalpojumi\/starptautiskie-pilno-kravu-parvadajumi\/"},"modified":"2026-01-06T14:18:16","modified_gmt":"2026-01-06T14:18:16","slug":"internationale-komplettladungs-befoerderungen","status":"publish","type":"page","link":"https:\/\/www.airos.lv\/de\/dienstleistungen\/internationale-komplettladungs-befoerderungen\/","title":{"rendered":"Internationale Komplettladungs Bef\u00f6rderungen"},"content":{"rendered":"<div id='av_section_1'  class='avia-section av-jwqlksvn-dd227d91e517171b8b664070c92c16f1 main_color avia-section-default avia-no-border-styling  avia-builder-el-0  avia-builder-el-no-sibling  avia-bg-style-scroll container_wrap fullsize'  ><div class='container av-section-cont-open' ><main  role=\"main\" itemprop=\"mainContentOfPage\"  class='template-page content  av-content-full alpha units'><div class='post-entry post-entry-type-page post-entry-1067'><div class='entry-content-wrapper clearfix'>\n\n<style type=\"text\/css\" data-created_by=\"avia_inline_auto\" id=\"style-css-av-cwo7r-c7b08c2ac760732c62faca086acdd17b\">\n.flex_column.av-cwo7r-c7b08c2ac760732c62faca086acdd17b{\nborder-radius:0px 0px 0px 0px;\npadding:0px 0px 0px 0px;\n}\n<\/style>\n<div  class='flex_column av-cwo7r-c7b08c2ac760732c62faca086acdd17b av_one_half  avia-builder-el-1  el_before_av_one_half  avia-builder-el-first  first flex_column_div av-zero-column-padding  '     ><section  class='av_textblock_section av-jwqlgku4-060411eb0fe0676782a292728a4b77f4 '   itemscope=\"itemscope\" itemtype=\"https:\/\/schema.org\/CreativeWork\" ><div class='avia_textblock'  itemprop=\"text\" ><h1>Internationale Komplettladungs Bef\u00f6rderungen<\/h1>\n<p><strong>AIROS f\u00fchrt die internationalen Komplettladungsbef\u00f6rderungen mit Zeltaufliegern von 86 \u2013 120 m3 sowohl in Lettland als auch in den baltischen Staaten und in Europa durch.<\/strong><\/p>\n<p>Wir f\u00fchren regelm\u00e4\u00dfige internationale Komplettladungsbef\u00f6rderungen auf dem Landweg zu\/von durch: \u00d6sterreich, Baltische Staaten, Belgien, Bulgarien, Tschechien, D\u00e4nemark, Frankreich, Griechenland, Italien, Irland, Gro\u00dfbritannien, Niederlande, Norwegen, Slowakei, Slowenien, Finnland, Spanien, Schweiz, Polen, Portugal, Rum\u00e4nien, T\u00fcrkei, Ukraine, Ungarn, Deutschland, Schweden.<\/p>\n<p>Das umfangreiche Partnernetzwerk von AIROS in den wichtigsten H\u00e4fen und an den wichtigsten Flugh\u00e4fen der Welt erm\u00f6glicht, die Ladungen schnell und f\u00fcr besondere wettbewerbsf\u00e4hige Preise in jedes andere Land der Welt auf dem Land-, Luft- oder Wasserweg zu liefern.<\/p>\n<\/div><\/section><\/div>\n<style type=\"text\/css\" data-created_by=\"avia_inline_auto\" id=\"style-css-av-714h3-dc390a8610b1a2b0b14a91fbd8348c34\">\n.flex_column.av-714h3-dc390a8610b1a2b0b14a91fbd8348c34{\nborder-radius:0px 0px 0px 0px;\npadding:0px 0px 0px 0px;\n}\n<\/style>\n<div  class='flex_column av-714h3-dc390a8610b1a2b0b14a91fbd8348c34 av_one_half  avia-builder-el-3  el_after_av_one_half  el_before_av_button  flex_column_div av-zero-column-padding  '     ><section  class='av_textblock_section av-jx36czkj-d102d23802b086be350f956e0f5d95ea '   itemscope=\"itemscope\" itemtype=\"https:\/\/schema.org\/CreativeWork\" ><div class='avia_textblock'  itemprop=\"text\" ><p><img loading=\"lazy\" decoding=\"async\" class=\"size-portfolio wp-image-1223 aligncenter\" src=\"https:\/\/www.airos.lv\/wp-content\/uploads\/2026\/01\/white-truck-crossing-bridge-sunset-urban-logistics-motion-495x400.jpg\" alt=\"\" width=\"495\" height=\"400\" srcset=\"https:\/\/www.airos.lv\/wp-content\/uploads\/2026\/01\/white-truck-crossing-bridge-sunset-urban-logistics-motion-495x400.jpg 495w, https:\/\/www.airos.lv\/wp-content\/uploads\/2026\/01\/white-truck-crossing-bridge-sunset-urban-logistics-motion-845x684.jpg 845w\" sizes=\"auto, (max-width: 495px) 100vw, 495px\" \/><\/p>\n<\/div><\/section><\/div><div  class='avia-button-wrap av-jx3akbcj-0a943b7606f25e54936d0ff7033323d3-wrap avia-button-center  avia-builder-el-5  el_after_av_one_half  avia-builder-el-last '>\n<style type=\"text\/css\" data-created_by=\"avia_inline_auto\" id=\"style-css-av-jx3akbcj-0a943b7606f25e54936d0ff7033323d3\">\n#top #wrap_all .avia-button.av-jx3akbcj-0a943b7606f25e54936d0ff7033323d3{\nbackground-color:#1fa00e;\nborder-color:#1fa00e;\ncolor:#ffffff;\ntransition:all 0.4s ease-in-out;\n}\n<\/style>\n<a href='https:\/\/www.airos.lv\/de\/preisanfrage\/'  class='avia-button av-jx3akbcj-0a943b7606f25e54936d0ff7033323d3 avia-icon_select-yes-right-icon avia-size-x-large avia-position-center av-icon-on-hover'  ><span class='avia_iconbox_title' >Preisanfrage<\/span><span class='avia_button_icon avia_button_icon_right' aria-hidden='true' data-av_icon='\ue879' data-av_iconfont='entypo-fontello'><\/span><\/a><\/div>\n\n","protected":false},"excerpt":{"rendered":"","protected":false},"author":2,"featured_media":0,"parent":406,"menu_order":2,"comment_status":"closed","ping_status":"closed","template":"","meta":{"_acf_changed":false,"footnotes":""},"class_list":["post-1067","page","type-page","status-publish","hentry"],"acf":[],"yoast_head":"<!-- This site is optimized with the Yoast SEO plugin v27.3 - https:\/\/yoast.com\/product\/yoast-seo-wordpress\/ -->\n<title>Internationale Komplettladungs Bef\u00f6rderungen - Airos lo\u0123istika<\/title>\n<meta name=\"robots\" content=\"index, follow, max-snippet:-1, max-image-preview:large, max-video-preview:-1\" \/>\n<link rel=\"canonical\" href=\"https:\/\/www.airos.lv\/de\/dienstleistungen\/internationale-komplettladungs-befoerderungen\/\" \/>\n<meta property=\"og:locale\" content=\"de_DE\" \/>\n<meta property=\"og:type\" content=\"article\" \/>\n<meta property=\"og:title\" content=\"Internationale Komplettladungs Bef\u00f6rderungen - Airos lo\u0123istika\" \/>\n<meta property=\"og:url\" content=\"https:\/\/www.airos.lv\/de\/dienstleistungen\/internationale-komplettladungs-befoerderungen\/\" \/>\n<meta property=\"og:site_name\" content=\"Airos lo\u0123istika\" \/>\n<meta property=\"article:modified_time\" content=\"2026-01-06T14:18:16+00:00\" \/>\n<meta property=\"og:image\" content=\"https:\/\/www.airos.lv\/wp-content\/uploads\/2026\/01\/white-truck-crossing-bridge-sunset-urban-logistics-motion-scaled.jpg\" \/>\n\t<meta property=\"og:image:width\" content=\"2560\" \/>\n\t<meta property=\"og:image:height\" content=\"1707\" \/>\n\t<meta property=\"og:image:type\" content=\"image\/jpeg\" \/>\n<meta name=\"twitter:card\" content=\"summary_large_image\" \/>\n<meta name=\"twitter:label1\" content=\"Gesch\u00e4tzte Lesezeit\" \/>\n\t<meta name=\"twitter:data1\" content=\"1\u00a0Minute\" \/>\n<script type=\"application\/ld+json\" class=\"yoast-schema-graph\">{\"@context\":\"https:\\\/\\\/schema.org\",\"@graph\":[{\"@type\":\"WebPage\",\"@id\":\"https:\\\/\\\/www.airos.lv\\\/de\\\/dienstleistungen\\\/internationale-komplettladungs-befoerderungen\\\/\",\"url\":\"https:\\\/\\\/www.airos.lv\\\/de\\\/dienstleistungen\\\/internationale-komplettladungs-befoerderungen\\\/\",\"name\":\"Internationale Komplettladungs Bef\u00f6rderungen - Airos lo\u0123istika\",\"isPartOf\":{\"@id\":\"https:\\\/\\\/www.airos.lv\\\/#website\"},\"primaryImageOfPage\":{\"@id\":\"https:\\\/\\\/www.airos.lv\\\/de\\\/dienstleistungen\\\/internationale-komplettladungs-befoerderungen\\\/#primaryimage\"},\"image\":{\"@id\":\"https:\\\/\\\/www.airos.lv\\\/de\\\/dienstleistungen\\\/internationale-komplettladungs-befoerderungen\\\/#primaryimage\"},\"thumbnailUrl\":\"https:\\\/\\\/www.airos.lv\\\/wp-content\\\/uploads\\\/2026\\\/01\\\/white-truck-crossing-bridge-sunset-urban-logistics-motion-495x400.jpg\",\"datePublished\":\"2019-06-10T16:32:40+00:00\",\"dateModified\":\"2026-01-06T14:18:16+00:00\",\"breadcrumb\":{\"@id\":\"https:\\\/\\\/www.airos.lv\\\/de\\\/dienstleistungen\\\/internationale-komplettladungs-befoerderungen\\\/#breadcrumb\"},\"inLanguage\":\"de\",\"potentialAction\":[{\"@type\":\"ReadAction\",\"target\":[\"https:\\\/\\\/www.airos.lv\\\/de\\\/dienstleistungen\\\/internationale-komplettladungs-befoerderungen\\\/\"]}]},{\"@type\":\"ImageObject\",\"inLanguage\":\"de\",\"@id\":\"https:\\\/\\\/www.airos.lv\\\/de\\\/dienstleistungen\\\/internationale-komplettladungs-befoerderungen\\\/#primaryimage\",\"url\":\"https:\\\/\\\/www.airos.lv\\\/wp-content\\\/uploads\\\/2026\\\/01\\\/white-truck-crossing-bridge-sunset-urban-logistics-motion-495x400.jpg\",\"contentUrl\":\"https:\\\/\\\/www.airos.lv\\\/wp-content\\\/uploads\\\/2026\\\/01\\\/white-truck-crossing-bridge-sunset-urban-logistics-motion-495x400.jpg\"},{\"@type\":\"BreadcrumbList\",\"@id\":\"https:\\\/\\\/www.airos.lv\\\/de\\\/dienstleistungen\\\/internationale-komplettladungs-befoerderungen\\\/#breadcrumb\",\"itemListElement\":[{\"@type\":\"ListItem\",\"position\":1,\"name\":\"Home\",\"item\":\"https:\\\/\\\/www.airos.lv\\\/de\\\/sakums\\\/\"},{\"@type\":\"ListItem\",\"position\":2,\"name\":\"DIENSTLEISTUNGEN\",\"item\":\"https:\\\/\\\/www.airos.lv\\\/de\\\/dienstleistungen\\\/\"},{\"@type\":\"ListItem\",\"position\":3,\"name\":\"Internationale Komplettladungs Bef\u00f6rderungen\"}]},{\"@type\":\"WebSite\",\"@id\":\"https:\\\/\\\/www.airos.lv\\\/#website\",\"url\":\"https:\\\/\\\/www.airos.lv\\\/\",\"name\":\"Airos lo\u0123istika\",\"description\":\"\",\"publisher\":{\"@id\":\"https:\\\/\\\/www.airos.lv\\\/#organization\"},\"potentialAction\":[{\"@type\":\"SearchAction\",\"target\":{\"@type\":\"EntryPoint\",\"urlTemplate\":\"https:\\\/\\\/www.airos.lv\\\/?s={search_term_string}\"},\"query-input\":{\"@type\":\"PropertyValueSpecification\",\"valueRequired\":true,\"valueName\":\"search_term_string\"}}],\"inLanguage\":\"de\"},{\"@type\":\"Organization\",\"@id\":\"https:\\\/\\\/www.airos.lv\\\/#organization\",\"name\":\"Airos.lv\",\"url\":\"https:\\\/\\\/www.airos.lv\\\/\",\"logo\":{\"@type\":\"ImageObject\",\"inLanguage\":\"de\",\"@id\":\"https:\\\/\\\/www.airos.lv\\\/#\\\/schema\\\/logo\\\/image\\\/\",\"url\":\"https:\\\/\\\/www.airos.lv\\\/wp-content\\\/uploads\\\/2016\\\/04\\\/logo-gray.png\",\"contentUrl\":\"https:\\\/\\\/www.airos.lv\\\/wp-content\\\/uploads\\\/2016\\\/04\\\/logo-gray.png\",\"width\":300,\"height\":132,\"caption\":\"Airos.lv\"},\"image\":{\"@id\":\"https:\\\/\\\/www.airos.lv\\\/#\\\/schema\\\/logo\\\/image\\\/\"}}]}<\/script>\n<!-- \/ Yoast SEO plugin. -->","yoast_head_json":{"title":"Internationale Komplettladungs Bef\u00f6rderungen - Airos lo\u0123istika","robots":{"index":"index","follow":"follow","max-snippet":"max-snippet:-1","max-image-preview":"max-image-preview:large","max-video-preview":"max-video-preview:-1"},"canonical":"https:\/\/www.airos.lv\/de\/dienstleistungen\/internationale-komplettladungs-befoerderungen\/","og_locale":"de_DE","og_type":"article","og_title":"Internationale Komplettladungs Bef\u00f6rderungen - Airos lo\u0123istika","og_url":"https:\/\/www.airos.lv\/de\/dienstleistungen\/internationale-komplettladungs-befoerderungen\/","og_site_name":"Airos lo\u0123istika","article_modified_time":"2026-01-06T14:18:16+00:00","og_image":[{"width":2560,"height":1707,"url":"https:\/\/www.airos.lv\/wp-content\/uploads\/2026\/01\/white-truck-crossing-bridge-sunset-urban-logistics-motion-scaled.jpg","type":"image\/jpeg"}],"twitter_card":"summary_large_image","twitter_misc":{"Gesch\u00e4tzte Lesezeit":"1\u00a0Minute"},"schema":{"@context":"https:\/\/schema.org","@graph":[{"@type":"WebPage","@id":"https:\/\/www.airos.lv\/de\/dienstleistungen\/internationale-komplettladungs-befoerderungen\/","url":"https:\/\/www.airos.lv\/de\/dienstleistungen\/internationale-komplettladungs-befoerderungen\/","name":"Internationale Komplettladungs Bef\u00f6rderungen - Airos lo\u0123istika","isPartOf":{"@id":"https:\/\/www.airos.lv\/#website"},"primaryImageOfPage":{"@id":"https:\/\/www.airos.lv\/de\/dienstleistungen\/internationale-komplettladungs-befoerderungen\/#primaryimage"},"image":{"@id":"https:\/\/www.airos.lv\/de\/dienstleistungen\/internationale-komplettladungs-befoerderungen\/#primaryimage"},"thumbnailUrl":"https:\/\/www.airos.lv\/wp-content\/uploads\/2026\/01\/white-truck-crossing-bridge-sunset-urban-logistics-motion-495x400.jpg","datePublished":"2019-06-10T16:32:40+00:00","dateModified":"2026-01-06T14:18:16+00:00","breadcrumb":{"@id":"https:\/\/www.airos.lv\/de\/dienstleistungen\/internationale-komplettladungs-befoerderungen\/#breadcrumb"},"inLanguage":"de","potentialAction":[{"@type":"ReadAction","target":["https:\/\/www.airos.lv\/de\/dienstleistungen\/internationale-komplettladungs-befoerderungen\/"]}]},{"@type":"ImageObject","inLanguage":"de","@id":"https:\/\/www.airos.lv\/de\/dienstleistungen\/internationale-komplettladungs-befoerderungen\/#primaryimage","url":"https:\/\/www.airos.lv\/wp-content\/uploads\/2026\/01\/white-truck-crossing-bridge-sunset-urban-logistics-motion-495x400.jpg","contentUrl":"https:\/\/www.airos.lv\/wp-content\/uploads\/2026\/01\/white-truck-crossing-bridge-sunset-urban-logistics-motion-495x400.jpg"},{"@type":"BreadcrumbList","@id":"https:\/\/www.airos.lv\/de\/dienstleistungen\/internationale-komplettladungs-befoerderungen\/#breadcrumb","itemListElement":[{"@type":"ListItem","position":1,"name":"Home","item":"https:\/\/www.airos.lv\/de\/sakums\/"},{"@type":"ListItem","position":2,"name":"DIENSTLEISTUNGEN","item":"https:\/\/www.airos.lv\/de\/dienstleistungen\/"},{"@type":"ListItem","position":3,"name":"Internationale Komplettladungs Bef\u00f6rderungen"}]},{"@type":"WebSite","@id":"https:\/\/www.airos.lv\/#website","url":"https:\/\/www.airos.lv\/","name":"Airos lo\u0123istika","description":"","publisher":{"@id":"https:\/\/www.airos.lv\/#organization"},"potentialAction":[{"@type":"SearchAction","target":{"@type":"EntryPoint","urlTemplate":"https:\/\/www.airos.lv\/?s={search_term_string}"},"query-input":{"@type":"PropertyValueSpecification","valueRequired":true,"valueName":"search_term_string"}}],"inLanguage":"de"},{"@type":"Organization","@id":"https:\/\/www.airos.lv\/#organization","name":"Airos.lv","url":"https:\/\/www.airos.lv\/","logo":{"@type":"ImageObject","inLanguage":"de","@id":"https:\/\/www.airos.lv\/#\/schema\/logo\/image\/","url":"https:\/\/www.airos.lv\/wp-content\/uploads\/2016\/04\/logo-gray.png","contentUrl":"https:\/\/www.airos.lv\/wp-content\/uploads\/2016\/04\/logo-gray.png","width":300,"height":132,"caption":"Airos.lv"},"image":{"@id":"https:\/\/www.airos.lv\/#\/schema\/logo\/image\/"}}]}},"_links":{"self":[{"href":"https:\/\/www.airos.lv\/de\/wp-json\/wp\/v2\/pages\/1067","targetHints":{"allow":["GET"]}}],"collection":[{"href":"https:\/\/www.airos.lv\/de\/wp-json\/wp\/v2\/pages"}],"about":[{"href":"https:\/\/www.airos.lv\/de\/wp-json\/wp\/v2\/types\/page"}],"author":[{"embeddable":true,"href":"https:\/\/www.airos.lv\/de\/wp-json\/wp\/v2\/users\/2"}],"replies":[{"embeddable":true,"href":"https:\/\/www.airos.lv\/de\/wp-json\/wp\/v2\/comments?post=1067"}],"version-history":[{"count":6,"href":"https:\/\/www.airos.lv\/de\/wp-json\/wp\/v2\/pages\/1067\/revisions"}],"predecessor-version":[{"id":1228,"href":"https:\/\/www.airos.lv\/de\/wp-json\/wp\/v2\/pages\/1067\/revisions\/1228"}],"up":[{"embeddable":true,"href":"https:\/\/www.airos.lv\/de\/wp-json\/wp\/v2\/pages\/406"}],"wp:attachment":[{"href":"https:\/\/www.airos.lv\/de\/wp-json\/wp\/v2\/media?parent=1067"}],"curies":[{"name":"wp","href":"https:\/\/api.w.org\/{rel}","templated":true}]}}