{"id":1063,"date":"2019-06-10T16:24:00","date_gmt":"2019-06-10T16:24:00","guid":{"rendered":"https:\/\/www.airos.lv\/transporta-pakalpojumi\/salikto-kravu-parvadajumi\/"},"modified":"2019-07-12T11:40:21","modified_gmt":"2019-07-12T11:40:21","slug":"sammelgueterbefoerderung","status":"publish","type":"page","link":"https:\/\/www.airos.lv\/de\/dienstleistungen\/sammelgueterbefoerderung\/","title":{"rendered":"Sammelg\u00fcterbef\u00f6rderung"},"content":{"rendered":"<div id='av_section_1'  class='avia-section av-jwqln8et-5b8799ed6a04cdb1d0d07d84e5ea7100 main_color avia-section-default avia-no-border-styling  avia-builder-el-0  avia-builder-el-no-sibling  avia-bg-style-scroll container_wrap fullsize'  ><div class='container av-section-cont-open' ><main  role=\"main\" itemprop=\"mainContentOfPage\"  class='template-page content  av-content-full alpha units'><div class='post-entry post-entry-type-page post-entry-1063'><div class='entry-content-wrapper clearfix'>\n\n<style type=\"text\/css\" data-created_by=\"avia_inline_auto\" id=\"style-css-av-8uso2-ae706504849b9860d7faa83e94506e9e\">\n.flex_column.av-8uso2-ae706504849b9860d7faa83e94506e9e{\nborder-radius:0px 0px 0px 0px;\npadding:0px 0px 0px 0px;\n}\n<\/style>\n<div  class='flex_column av-8uso2-ae706504849b9860d7faa83e94506e9e av_one_half  avia-builder-el-1  el_before_av_one_half  avia-builder-el-first  first flex_column_div av-zero-column-padding  '     ><section  class='av_textblock_section av-jwql5fl0-08b022755bea4246662945986e741fd6 '   itemscope=\"itemscope\" itemtype=\"https:\/\/schema.org\/CreativeWork\" ><div class='avia_textblock'  itemprop=\"text\" ><h1>Sammelg\u00fcterbef\u00f6rderung<\/h1>\n<p><strong>Die Sammelg\u00fcterbef\u00f6rderung umfasst die gemeinsame Zustellung der Ladungen mehrerer Kunden an einen Bestimmungsort mit einem einzigen Fahrzeug, wodurch die Dienstleistungskosten gesenkt werden.<\/strong><\/p>\n<p>Wir bieten regelm\u00e4\u00dfige w\u00f6chentliche Sammelg\u00fcterbef\u00f6rderung in ganz Europa an.<\/p>\n<p>Die Sammelg\u00fcterbef\u00f6rderung wird t\u00e4glich angeboten von\/nach: Baltische Staaten, Finnland.<\/p>\n<p>Sammelg\u00fcterbef\u00f6rderung zweimal w\u00f6chentlich von\/nach: Belgien, D\u00e4nemark, Niederlande, Norwegen, Polen, Deutschland, Schweden.<\/p>\n<p>Sammelg\u00fcterbef\u00f6rderung einmal w\u00f6chentlich von\/nach: \u00d6sterreich, Bulgarien, Tschechien, Frankreich, Griechenland, Italien, Irland, Gro\u00dfbritannien, Slowakei, Slowenien, Spanien, Schweiz, Portugal, Rum\u00e4nien, T\u00fcrkei, Ukraine, Ungarn.<\/p>\n<\/div><\/section><\/div>\n<style type=\"text\/css\" data-created_by=\"avia_inline_auto\" id=\"style-css-av-hrw2y-b8d47d5fcb5b76114f4a082a40fa026d\">\n.flex_column.av-hrw2y-b8d47d5fcb5b76114f4a082a40fa026d{\nborder-radius:0px 0px 0px 0px;\npadding:0px 0px 0px 0px;\n}\n<\/style>\n<div  class='flex_column av-hrw2y-b8d47d5fcb5b76114f4a082a40fa026d av_one_half  avia-builder-el-3  el_after_av_one_half  el_before_av_button  flex_column_div av-zero-column-padding  '     ><section  class='av_textblock_section av-jx364tl5-45feaa3b45b8f4c3e79cf80b88a656fe '   itemscope=\"itemscope\" itemtype=\"https:\/\/schema.org\/CreativeWork\" ><div class='avia_textblock'  itemprop=\"text\" ><p><img loading=\"lazy\" decoding=\"async\" class=\"aligncenter wp-image-373 size-portfolio\" src=\"https:\/\/www.airos.lv\/wp-content\/uploads\/2016\/03\/EU-flag-705x529-1-495x400.jpg\" alt=\"\" width=\"495\" height=\"400\" \/><\/p>\n<\/div><\/section><\/div><div  class='avia-button-wrap av-jx3akbcj-0a943b7606f25e54936d0ff7033323d3-wrap avia-button-center  avia-builder-el-5  el_after_av_one_half  avia-builder-el-last '>\n<style type=\"text\/css\" data-created_by=\"avia_inline_auto\" id=\"style-css-av-jx3akbcj-0a943b7606f25e54936d0ff7033323d3\">\n#top #wrap_all .avia-button.av-jx3akbcj-0a943b7606f25e54936d0ff7033323d3{\nbackground-color:#1fa00e;\nborder-color:#1fa00e;\ncolor:#ffffff;\ntransition:all 0.4s ease-in-out;\n}\n<\/style>\n<a href='https:\/\/www.airos.lv\/de\/preisanfrage\/'  class='avia-button av-jx3akbcj-0a943b7606f25e54936d0ff7033323d3 avia-icon_select-yes-right-icon avia-size-x-large avia-position-center av-icon-on-hover'  ><span class='avia_iconbox_title' >Preisanfrage<\/span><span class='avia_button_icon avia_button_icon_right' aria-hidden='true' data-av_icon='\ue879' data-av_iconfont='entypo-fontello'><\/span><\/a><\/div>\n\n","protected":false},"excerpt":{"rendered":"","protected":false},"author":2,"featured_media":0,"parent":406,"menu_order":1,"comment_status":"closed","ping_status":"closed","template":"","meta":{"_acf_changed":false,"footnotes":""},"class_list":["post-1063","page","type-page","status-publish","hentry"],"acf":[],"yoast_head":"<!-- This site is optimized with the Yoast SEO plugin v27.3 - https:\/\/yoast.com\/product\/yoast-seo-wordpress\/ -->\n<title>Sammelg\u00fcterbef\u00f6rderung - Airos lo\u0123istika<\/title>\n<meta name=\"robots\" content=\"index, follow, max-snippet:-1, max-image-preview:large, max-video-preview:-1\" \/>\n<link rel=\"canonical\" href=\"https:\/\/www.airos.lv\/de\/dienstleistungen\/sammelgueterbefoerderung\/\" \/>\n<meta property=\"og:locale\" content=\"de_DE\" \/>\n<meta property=\"og:type\" content=\"article\" \/>\n<meta property=\"og:title\" content=\"Sammelg\u00fcterbef\u00f6rderung - Airos lo\u0123istika\" \/>\n<meta property=\"og:url\" content=\"https:\/\/www.airos.lv\/de\/dienstleistungen\/sammelgueterbefoerderung\/\" \/>\n<meta property=\"og:site_name\" content=\"Airos lo\u0123istika\" \/>\n<meta property=\"article:modified_time\" content=\"2019-07-12T11:40:21+00:00\" \/>\n<meta property=\"og:image\" content=\"https:\/\/www.airos.lv\/wp-content\/uploads\/2016\/03\/EU-flag-705x529-1-495x400.jpg\" \/>\n<meta name=\"twitter:card\" content=\"summary_large_image\" \/>\n<meta name=\"twitter:label1\" content=\"Gesch\u00e4tzte Lesezeit\" \/>\n\t<meta name=\"twitter:data1\" content=\"3\u00a0Minuten\" \/>\n<script type=\"application\/ld+json\" class=\"yoast-schema-graph\">{\"@context\":\"https:\\\/\\\/schema.org\",\"@graph\":[{\"@type\":\"WebPage\",\"@id\":\"https:\\\/\\\/www.airos.lv\\\/de\\\/dienstleistungen\\\/sammelgueterbefoerderung\\\/\",\"url\":\"https:\\\/\\\/www.airos.lv\\\/de\\\/dienstleistungen\\\/sammelgueterbefoerderung\\\/\",\"name\":\"Sammelg\u00fcterbef\u00f6rderung - Airos lo\u0123istika\",\"isPartOf\":{\"@id\":\"https:\\\/\\\/www.airos.lv\\\/#website\"},\"primaryImageOfPage\":{\"@id\":\"https:\\\/\\\/www.airos.lv\\\/de\\\/dienstleistungen\\\/sammelgueterbefoerderung\\\/#primaryimage\"},\"image\":{\"@id\":\"https:\\\/\\\/www.airos.lv\\\/de\\\/dienstleistungen\\\/sammelgueterbefoerderung\\\/#primaryimage\"},\"thumbnailUrl\":\"https:\\\/\\\/www.airos.lv\\\/wp-content\\\/uploads\\\/2016\\\/03\\\/EU-flag-705x529-1-495x400.jpg\",\"datePublished\":\"2019-06-10T16:24:00+00:00\",\"dateModified\":\"2019-07-12T11:40:21+00:00\",\"breadcrumb\":{\"@id\":\"https:\\\/\\\/www.airos.lv\\\/de\\\/dienstleistungen\\\/sammelgueterbefoerderung\\\/#breadcrumb\"},\"inLanguage\":\"de\",\"potentialAction\":[{\"@type\":\"ReadAction\",\"target\":[\"https:\\\/\\\/www.airos.lv\\\/de\\\/dienstleistungen\\\/sammelgueterbefoerderung\\\/\"]}]},{\"@type\":\"ImageObject\",\"inLanguage\":\"de\",\"@id\":\"https:\\\/\\\/www.airos.lv\\\/de\\\/dienstleistungen\\\/sammelgueterbefoerderung\\\/#primaryimage\",\"url\":\"https:\\\/\\\/www.airos.lv\\\/wp-content\\\/uploads\\\/2016\\\/03\\\/EU-flag-705x529-1-495x400.jpg\",\"contentUrl\":\"https:\\\/\\\/www.airos.lv\\\/wp-content\\\/uploads\\\/2016\\\/03\\\/EU-flag-705x529-1-495x400.jpg\"},{\"@type\":\"BreadcrumbList\",\"@id\":\"https:\\\/\\\/www.airos.lv\\\/de\\\/dienstleistungen\\\/sammelgueterbefoerderung\\\/#breadcrumb\",\"itemListElement\":[{\"@type\":\"ListItem\",\"position\":1,\"name\":\"Home\",\"item\":\"https:\\\/\\\/www.airos.lv\\\/de\\\/sakums\\\/\"},{\"@type\":\"ListItem\",\"position\":2,\"name\":\"DIENSTLEISTUNGEN\",\"item\":\"https:\\\/\\\/www.airos.lv\\\/de\\\/dienstleistungen\\\/\"},{\"@type\":\"ListItem\",\"position\":3,\"name\":\"Sammelg\u00fcterbef\u00f6rderung\"}]},{\"@type\":\"WebSite\",\"@id\":\"https:\\\/\\\/www.airos.lv\\\/#website\",\"url\":\"https:\\\/\\\/www.airos.lv\\\/\",\"name\":\"Airos lo\u0123istika\",\"description\":\"\",\"publisher\":{\"@id\":\"https:\\\/\\\/www.airos.lv\\\/#organization\"},\"potentialAction\":[{\"@type\":\"SearchAction\",\"target\":{\"@type\":\"EntryPoint\",\"urlTemplate\":\"https:\\\/\\\/www.airos.lv\\\/?s={search_term_string}\"},\"query-input\":{\"@type\":\"PropertyValueSpecification\",\"valueRequired\":true,\"valueName\":\"search_term_string\"}}],\"inLanguage\":\"de\"},{\"@type\":\"Organization\",\"@id\":\"https:\\\/\\\/www.airos.lv\\\/#organization\",\"name\":\"Airos.lv\",\"url\":\"https:\\\/\\\/www.airos.lv\\\/\",\"logo\":{\"@type\":\"ImageObject\",\"inLanguage\":\"de\",\"@id\":\"https:\\\/\\\/www.airos.lv\\\/#\\\/schema\\\/logo\\\/image\\\/\",\"url\":\"https:\\\/\\\/www.airos.lv\\\/wp-content\\\/uploads\\\/2016\\\/04\\\/logo-gray.png\",\"contentUrl\":\"https:\\\/\\\/www.airos.lv\\\/wp-content\\\/uploads\\\/2016\\\/04\\\/logo-gray.png\",\"width\":300,\"height\":132,\"caption\":\"Airos.lv\"},\"image\":{\"@id\":\"https:\\\/\\\/www.airos.lv\\\/#\\\/schema\\\/logo\\\/image\\\/\"}}]}<\/script>\n<!-- \/ Yoast SEO plugin. -->","yoast_head_json":{"title":"Sammelg\u00fcterbef\u00f6rderung - Airos lo\u0123istika","robots":{"index":"index","follow":"follow","max-snippet":"max-snippet:-1","max-image-preview":"max-image-preview:large","max-video-preview":"max-video-preview:-1"},"canonical":"https:\/\/www.airos.lv\/de\/dienstleistungen\/sammelgueterbefoerderung\/","og_locale":"de_DE","og_type":"article","og_title":"Sammelg\u00fcterbef\u00f6rderung - Airos lo\u0123istika","og_url":"https:\/\/www.airos.lv\/de\/dienstleistungen\/sammelgueterbefoerderung\/","og_site_name":"Airos lo\u0123istika","article_modified_time":"2019-07-12T11:40:21+00:00","og_image":[{"url":"https:\/\/www.airos.lv\/wp-content\/uploads\/2016\/03\/EU-flag-705x529-1-495x400.jpg","type":"","width":"","height":""}],"twitter_card":"summary_large_image","twitter_misc":{"Gesch\u00e4tzte Lesezeit":"3\u00a0Minuten"},"schema":{"@context":"https:\/\/schema.org","@graph":[{"@type":"WebPage","@id":"https:\/\/www.airos.lv\/de\/dienstleistungen\/sammelgueterbefoerderung\/","url":"https:\/\/www.airos.lv\/de\/dienstleistungen\/sammelgueterbefoerderung\/","name":"Sammelg\u00fcterbef\u00f6rderung - Airos lo\u0123istika","isPartOf":{"@id":"https:\/\/www.airos.lv\/#website"},"primaryImageOfPage":{"@id":"https:\/\/www.airos.lv\/de\/dienstleistungen\/sammelgueterbefoerderung\/#primaryimage"},"image":{"@id":"https:\/\/www.airos.lv\/de\/dienstleistungen\/sammelgueterbefoerderung\/#primaryimage"},"thumbnailUrl":"https:\/\/www.airos.lv\/wp-content\/uploads\/2016\/03\/EU-flag-705x529-1-495x400.jpg","datePublished":"2019-06-10T16:24:00+00:00","dateModified":"2019-07-12T11:40:21+00:00","breadcrumb":{"@id":"https:\/\/www.airos.lv\/de\/dienstleistungen\/sammelgueterbefoerderung\/#breadcrumb"},"inLanguage":"de","potentialAction":[{"@type":"ReadAction","target":["https:\/\/www.airos.lv\/de\/dienstleistungen\/sammelgueterbefoerderung\/"]}]},{"@type":"ImageObject","inLanguage":"de","@id":"https:\/\/www.airos.lv\/de\/dienstleistungen\/sammelgueterbefoerderung\/#primaryimage","url":"https:\/\/www.airos.lv\/wp-content\/uploads\/2016\/03\/EU-flag-705x529-1-495x400.jpg","contentUrl":"https:\/\/www.airos.lv\/wp-content\/uploads\/2016\/03\/EU-flag-705x529-1-495x400.jpg"},{"@type":"BreadcrumbList","@id":"https:\/\/www.airos.lv\/de\/dienstleistungen\/sammelgueterbefoerderung\/#breadcrumb","itemListElement":[{"@type":"ListItem","position":1,"name":"Home","item":"https:\/\/www.airos.lv\/de\/sakums\/"},{"@type":"ListItem","position":2,"name":"DIENSTLEISTUNGEN","item":"https:\/\/www.airos.lv\/de\/dienstleistungen\/"},{"@type":"ListItem","position":3,"name":"Sammelg\u00fcterbef\u00f6rderung"}]},{"@type":"WebSite","@id":"https:\/\/www.airos.lv\/#website","url":"https:\/\/www.airos.lv\/","name":"Airos lo\u0123istika","description":"","publisher":{"@id":"https:\/\/www.airos.lv\/#organization"},"potentialAction":[{"@type":"SearchAction","target":{"@type":"EntryPoint","urlTemplate":"https:\/\/www.airos.lv\/?s={search_term_string}"},"query-input":{"@type":"PropertyValueSpecification","valueRequired":true,"valueName":"search_term_string"}}],"inLanguage":"de"},{"@type":"Organization","@id":"https:\/\/www.airos.lv\/#organization","name":"Airos.lv","url":"https:\/\/www.airos.lv\/","logo":{"@type":"ImageObject","inLanguage":"de","@id":"https:\/\/www.airos.lv\/#\/schema\/logo\/image\/","url":"https:\/\/www.airos.lv\/wp-content\/uploads\/2016\/04\/logo-gray.png","contentUrl":"https:\/\/www.airos.lv\/wp-content\/uploads\/2016\/04\/logo-gray.png","width":300,"height":132,"caption":"Airos.lv"},"image":{"@id":"https:\/\/www.airos.lv\/#\/schema\/logo\/image\/"}}]}},"_links":{"self":[{"href":"https:\/\/www.airos.lv\/de\/wp-json\/wp\/v2\/pages\/1063","targetHints":{"allow":["GET"]}}],"collection":[{"href":"https:\/\/www.airos.lv\/de\/wp-json\/wp\/v2\/pages"}],"about":[{"href":"https:\/\/www.airos.lv\/de\/wp-json\/wp\/v2\/types\/page"}],"author":[{"embeddable":true,"href":"https:\/\/www.airos.lv\/de\/wp-json\/wp\/v2\/users\/2"}],"replies":[{"embeddable":true,"href":"https:\/\/www.airos.lv\/de\/wp-json\/wp\/v2\/comments?post=1063"}],"version-history":[{"count":3,"href":"https:\/\/www.airos.lv\/de\/wp-json\/wp\/v2\/pages\/1063\/revisions"}],"predecessor-version":[{"id":1158,"href":"https:\/\/www.airos.lv\/de\/wp-json\/wp\/v2\/pages\/1063\/revisions\/1158"}],"up":[{"embeddable":true,"href":"https:\/\/www.airos.lv\/de\/wp-json\/wp\/v2\/pages\/406"}],"wp:attachment":[{"href":"https:\/\/www.airos.lv\/de\/wp-json\/wp\/v2\/media?parent=1063"}],"curies":[{"name":"wp","href":"https:\/\/api.w.org\/{rel}","templated":true}]}}